{"id":371,"date":"2021-05-21T06:13:58","date_gmt":"2021-05-21T06:13:58","guid":{"rendered":"http:\/\/localhost\/nuc\/?page_id=371"},"modified":"2021-06-10T10:29:48","modified_gmt":"2021-06-10T10:29:48","slug":"materiale-nucleare","status":"publish","type":"page","link":"https:\/\/nuclear.ro\/en\/materiale-nucleare\/","title":{"rendered":"materiale nucleare"},"content":{"rendered":"<div data-elementor-type=\"wp-page\" data-elementor-id=\"371\" class=\"elementor elementor-371\" data-elementor-settings=\"[]\">\n\t\t\t\t\t\t\t<div class=\"elementor-section-wrap\">\n\t\t\t\t\t\t\t<section class=\"elementor-section elementor-top-section elementor-element elementor-element-d3285f7 elementor-section-boxed elementor-section-height-default elementor-section-height-default sc_fly_static\" data-id=\"d3285f7\" data-element_type=\"section\">\n\t\t\t\t\t\t<div class=\"elementor-container elementor-column-gap-extended\">\n\t\t\t\t\t<div class=\"elementor-column elementor-col-100 elementor-top-column elementor-element elementor-element-3e9b6ca sc_inner_width_none sc_content_align_inherit sc_layouts_column_icons_position_left sc_fly_static\" data-id=\"3e9b6ca\" data-element_type=\"column\">\n\t\t\t<div class=\"elementor-widget-wrap elementor-element-populated\">\n\t\t\t\t\t\t\t\t<div class=\"elementor-element elementor-element-31ee845 animation_type_block sc_fly_static elementor-widget elementor-widget-slider_revolution\" data-id=\"31ee845\" data-element_type=\"widget\" data-widget_type=\"slider_revolution.default\">\n\t\t\t\t<div class=\"elementor-widget-container\">\n\t\t\t\n\t\t<div class=\"wp-block-themepunch-revslider\">\n\t\t\t<!-- START Slider 15 REVOLUTION SLIDER 6.3.5 --><p class=\"rs-p-wp-fix\"><\/p>\n\t\t\t<rs-module-wrap id=\"rev_slider_10_1_wrapper\" data-source=\"gallery\" style=\"background:transparent;padding:0;margin:0px auto;margin-top:0;margin-bottom:0;\">\n\t\t\t\t<rs-module id=\"rev_slider_10_1\" style=\"\" data-version=\"6.3.5\">\n\t\t\t\t\t<rs-slides>\n\t\t\t\t\t\t<rs-slide data-key=\"rs-10\" data-title=\"Slide\" data-anim=\"ei:d;eo:d;t:fade;sl:7;\">\n\t\t\t\t\t\t\t<img decoding=\"async\" loading=\"lazy\" src=\"\/\/nuclear.ro\/wp-content\/uploads\/revslider\/slider-15\/cover4-780x430.jpg\" title=\"cover4-780&#215;430.jpg\" width=\"780\" height=\"430\" class=\"rev-slidebg\" data-no-retina>\n<!---->\t\t\t\t\t\t<\/rs-slide>\n\t\t\t\t\t<\/rs-slides>\n\t\t\t\t<\/rs-module>\n\t\t\t\t<script type=\"text\/javascript\">\n\t\t\t\t\tsetREVStartSize({c: 'rev_slider_10_1',rl:[1240,1024,778,480],el:[570],gw:[1240],gh:[570],type:'standard',justify:'',layout:'fullwidth',mh:\"0\"});\n\t\t\t\t\tvar\trevapi10,\n\t\t\t\t\t\ttpj;\n\t\t\t\t\tfunction revinit_revslider101() {\n\t\t\t\t\tjQuery(function() {\n\t\t\t\t\t\ttpj = jQuery;\n\t\t\t\t\t\trevapi10 = tpj(\"#rev_slider_10_1\");\n\t\t\t\t\t\tif(revapi10==undefined || revapi10.revolution == undefined){\n\t\t\t\t\t\t\trevslider_showDoubleJqueryError(\"rev_slider_10_1\");\n\t\t\t\t\t\t}else{\n\t\t\t\t\t\t\trevapi10.revolution({\n\t\t\t\t\t\t\t\tsliderLayout:\"fullwidth\",\n\t\t\t\t\t\t\t\tvisibilityLevels:\"1240,1024,778,480\",\n\t\t\t\t\t\t\t\tgridwidth:1240,\n\t\t\t\t\t\t\t\tgridheight:570,\n\t\t\t\t\t\t\t\tperspective:600,\n\t\t\t\t\t\t\t\tperspectiveType:\"global\",\n\t\t\t\t\t\t\t\teditorheight:\"570,768,960,720\",\n\t\t\t\t\t\t\t\tresponsiveLevels:\"1240,1024,778,480\",\n\t\t\t\t\t\t\t\tprogressBar:{disableProgressBar:true},\n\t\t\t\t\t\t\t\tnavigation: {\n\t\t\t\t\t\t\t\t\tonHoverStop:false\n\t\t\t\t\t\t\t\t},\n\t\t\t\t\t\t\t\tfallbacks: {\n\t\t\t\t\t\t\t\t\tallowHTML5AutoPlayOnAndroid:true\n\t\t\t\t\t\t\t\t},\n\t\t\t\t\t\t\t});\n\t\t\t\t\t\t}\n\t\t\t\t\t\t\n\t\t\t\t\t});\n\t\t\t\t\t} \/\/ End of RevInitScript\n\t\t\t\tvar once_revslider101 = false;\n\t\t\t\tif (document.readyState === \"loading\") {document.addEventListener('readystatechange',function() { if((document.readyState === \"interactive\" || document.readyState === \"complete\") && !once_revslider101 ) { once_revslider101 = true; revinit_revslider101();}});} else {once_revslider101 = true; revinit_revslider101();}\n\t\t\t\t<\/script>\n\t\t\t<\/rs-module-wrap>\n\t\t\t<!-- END REVOLUTION SLIDER -->\n<\/div>\n\n\t\t\t\t<\/div>\n\t\t\t\t<\/div>\n\t\t\t\t\t<\/div>\n\t\t<\/div>\n\t\t\t\t\t\t\t<\/div>\n\t\t<\/section>\n\t\t\t\t<section class=\"elementor-section elementor-top-section elementor-element elementor-element-c44c277 elementor-section-stretched elementor-section-boxed elementor-section-height-default elementor-section-height-default sc_fly_static\" data-id=\"c44c277\" data-element_type=\"section\" data-settings=\"{&quot;stretch_section&quot;:&quot;section-stretched&quot;,&quot;background_background&quot;:&quot;classic&quot;}\">\n\t\t\t\t\t\t<div class=\"elementor-container elementor-column-gap-extended\">\n\t\t\t\t\t<div class=\"elementor-column elementor-col-100 elementor-top-column elementor-element elementor-element-9982d89 sc_inner_width_none sc_content_align_inherit sc_layouts_column_icons_position_left sc_fly_static\" data-id=\"9982d89\" data-element_type=\"column\">\n\t\t\t<div class=\"elementor-widget-wrap elementor-element-populated\">\n\t\t\t\t\t\t\t\t<div class=\"elementor-element elementor-element-100be47 animation_type_block sc_fly_static elementor-widget elementor-widget-spacer\" data-id=\"100be47\" data-element_type=\"widget\" data-widget_type=\"spacer.default\">\n\t\t\t\t<div class=\"elementor-widget-container\">\n\t\t\t\t\t<div class=\"elementor-spacer\">\n\t\t\t<div class=\"elementor-spacer-inner\"><\/div>\n\t\t<\/div>\n\t\t\t\t<\/div>\n\t\t\t\t<\/div>\n\t\t\t\t<div class=\"elementor-element elementor-element-f1b9aae animation_type_block sc_fly_static elementor-widget elementor-widget-rs-heading\" data-id=\"f1b9aae\" data-element_type=\"widget\" data-widget_type=\"rs-heading.default\">\n\t\t\t\t<div class=\"elementor-widget-container\">\n\t\t\t        <div class=\"rs-heading default\">\n        \t<div class=\"title-inner\">\n        \t\t      \t\t\n\t            <h2 class=\"title\"><span class=\"watermark\"><\/span>Nuclear Materials and Corrosion<\/h2>\t        <\/div>\n\t                <\/div>\n\n        \t\t<\/div>\n\t\t\t\t<\/div>\n\t\t\t\t<div class=\"elementor-element elementor-element-a0df5b9 animation_type_block sc_fly_static elementor-widget elementor-widget-spacer\" data-id=\"a0df5b9\" data-element_type=\"widget\" data-widget_type=\"spacer.default\">\n\t\t\t\t<div class=\"elementor-widget-container\">\n\t\t\t\t\t<div class=\"elementor-spacer\">\n\t\t\t<div class=\"elementor-spacer-inner\"><\/div>\n\t\t<\/div>\n\t\t\t\t<\/div>\n\t\t\t\t<\/div>\n\t\t\t\t\t<\/div>\n\t\t<\/div>\n\t\t\t\t\t\t\t<\/div>\n\t\t<\/section>\n\t\t\t\t<section class=\"elementor-section elementor-top-section elementor-element elementor-element-7ce16b2 elementor-section-boxed elementor-section-height-default elementor-section-height-default sc_fly_static\" data-id=\"7ce16b2\" data-element_type=\"section\">\n\t\t\t\t\t\t<div class=\"elementor-container elementor-column-gap-extended\">\n\t\t\t\t\t<div class=\"elementor-column elementor-col-100 elementor-top-column elementor-element elementor-element-31fde36 sc_inner_width_none sc_content_align_inherit sc_layouts_column_icons_position_left sc_fly_static\" data-id=\"31fde36\" data-element_type=\"column\">\n\t\t\t<div class=\"elementor-widget-wrap elementor-element-populated\">\n\t\t\t\t\t\t\t\t<div class=\"elementor-element elementor-element-06800dd animation_type_block sc_fly_static elementor-widget elementor-widget-text-editor\" data-id=\"06800dd\" data-element_type=\"widget\" data-widget_type=\"text-editor.default\">\n\t\t\t\t<div class=\"elementor-widget-container\">\n\t\t\t\t\t\t\t<p><strong><span style=\"text-decoration: underline;\">Thermomechanical Properties and Microstructural Analyzes<\/span> <\/strong><\/p><p><strong>Infrastructure<\/strong><\/p><ul><li>Universal Hydraulic Mechanical Testing Machine for testing materials in static (25kN) and dynamic (30kN) mode, with accessories (high temperature oven, thermostatic chamber, axial extensometer and COD type);<\/li><li>Optical metallographic microscope in polarized light;<\/li><li>Scanning electron microscope (SEM);<\/li><li>Energy Dispersion X-ray Spectrometer (EDS);<\/li><li>In-Situ mechanical testing module;<\/li><li>Universal Electro-Mechanical Mechanical Testing Machine, 25KN;<\/li><li>Creep test system;<\/li><li>Oxygen \/ hydrogen analyzer;<\/li><li>Sistem de scanare in imersie cu fascicul ultrasonic;<\/li><li>Granulometru &#8211; analizor de dimensiune al particulelor (Spectru granulometric:04 \u2013 2 500 \u00b5m, procedeu umed \u015fi uscat);<\/li><li>Instala\u0163ia de masurare diametre tuburi cu pere\u0163i sub\u0163iri (\u00d8<sub>int<\/sub>=11-14mm, \u00d8<sub>ext<\/sub>=10-15mm, +\/-0.5\u03bcm);<\/li><li>Dispozitiv de testare la solicitare uniaxiala in mediu de plumb topit<\/li><\/ul><p><strong>Echipamente experimentale de testare a proprietatilor mecanice<\/strong><\/p><ul><li>Walter+Bai &#8211; System de testare a materialelor Static &amp; Dinamic, 30KN<\/li><li>Facilitati experimentale:<ul><li>Cuptor de inalta temperatura(pana la 1000\u00b0C);<\/li><li>Camera termostatata (pana la 350\u00b0C);<\/li><li>Extensometru HT si COD;<\/li><li>Software pentru achizitia si procesarea datelor.<\/li><\/ul><\/li><li>INSTRON &#8211; Sistem Electro-Mecanic testare statica a materialelor, 25KN, echipat cu dispozitiv pentru teste de tractiune mecanica in plumb topit<\/li><\/ul><p><strong>Echipamente experimentale pentru analize microstructurale<\/strong><\/p><ul><li>Microscop electronic de baleiaj TESCAN Vega II LMU<ul><li>Filament incandescent de Tungsten (heated cathode SEM)<\/li><li>Detector electroni retroimprastiati (BSE) retractabil &#8211; scintilator dual YAG &#8211; efficiently, topografiere rapida si analiza compozitiei;<\/li><li>Detector electroni secundari (SE) Everhardt \u2013 Thornley;<\/li><li>Detector LVSTD Everhardt \u2013 Thornley SE in vid scazut &#8211; vid separat in camera de detectie.<\/li><\/ul><\/li><li>Spectrometru X-Ray cu dispersie dupa energie (AXS Bruker) microanalize X- Ray:<ul><li>Identificarea elementelor chimice;<\/li><li>Evaluarea compozitiei chimice;<\/li><li>Cartografiere, analize pentru baleiere liniara si multipunct;<\/li><\/ul><\/li><\/ul><ul><li>ZEISS Optical Microscope<ul><li>Examinari metalografice cu analiza imaginilor<\/li><li>Mariri cuprinse intre x50\u00f7x1000;<\/li><li>Vizualizare in camp luminos, camp intunecat, lumina polarizata;<\/li><\/ul><\/li><\/ul><p><span style=\"text-decoration: underline;\"><strong>Corrosion<\/strong><\/span><\/p><p><strong>Instalatii experimentale pentru testarea la coroziune<\/strong><\/p><ul><li>Instalatie de testare la coroziune in regim dinamic in conditii de temperatura si presiune ridicate;<\/li><li>Autoclave statice pentru temperaturi supercritice (t=600<sup>0<\/sup> C, p=250atm), capacitate 1L;<\/li><li>Autoclave statice pentru temperaturi si presiuni ridicate (t=310<sup>0<\/sup> C, p=100atm), capacitate 1L<\/li><li>Autoclava tip SSRT (50kN) pentru realizarea testelor de tractiune la temperaturi ridicate.<\/li><li>Instalatie de testare la coroziune in Pb lichid<\/li><\/ul><p><strong>Echipamente pentru analize pre \/ post testare<\/strong><\/p><ul><li>Difractrometru de raze X tip X\u2019 PERT Pro MPD<\/li><li>Spectrometru de fluorescenta de raze X secven\u0163ial cu dispersie dup\u0103 lungime de und\u0103 tip ARL ADVANT\u2019X;<\/li><li>Microscop metalografic OLYMPUS -GX 71<\/li><li>microdurimetru OPL<\/li><li>Ansamblu electrochimic potentiostat-galvanostat PAR STAT 2273 cu soft de coroziune POWER CORR<\/li><\/ul><p><span style=\"text-decoration: underline;\"> <strong>Laboratorul de Analiza si Diagnoza Componente Metalice Corodate in Instalatii Nucleare (LADICON)<\/strong><\/span><\/p><p><strong>Metode de incercare\/analiza<\/strong><\/p><ul><li>Determinarea susceptibilitatii la coroziune generalizata si localizata prin analiza gravimetrica si teste chimice accelerate;<\/li><li>Analiza prin microscopie metalografic\u0103 a componentelor metalice (masurare grosime strat oxizi\/depuneri organice\/depuneri ceramice, determinare marime medie de graunte, determinare incluziuni nemetalice)<\/li><li>Determinarea susceptibilitatii la coroziune a materialelor structurale prin metode electrochimice (variatia potentialului de coroziune, polarizare liniara si polarizare ciclica);<\/li><li>Identificarea compozitiei de faza prin difractie de raze X (analiza calitativ\u0103 \u015fi cantitativ\u0103 pe materiale policristaline, investigarea straturilor sub\u0163iri, determinarea dimensiunii de cristalit \u015fi a microtensiunilor, analiza cantitativ\u0103 a tensiunilor interne, difrac\u0163ie de raze X la inciden\u0163\u0103 razant\u0103, microdifrac\u0163ie).<\/li><\/ul><p><span style=\"text-decoration: underline;\"><strong>Certifications<\/strong><\/span><\/p><p>Laborator notificat de catre CNCAN prin NOTIFICARE CNCAN nr. LI-04_LADICON \/ 2020<\/p><p><span style=\"text-decoration: underline;\"><strong>Echipamente<\/strong><\/span><\/p><ul><li>Multiparametru SEVEN EXCELLENCE<\/li><li>Microscop metalografic\u2013OLYMPUS GX71<\/li><li>Balanta analitica si etuva termostatata<\/li><li>Masin\u0103 de debitat probe metalografice MECATONE-T350M;<\/li><li>Masin\u0103 de slefuit si lustruit probe metalografice FORCIPOL 102<\/li><li>Prese de \u00eenglobat probe metalografice METAPRESS-A si PRESTOPRESS- STRUERS;<\/li><li>Aparat pentru cur\u0103tare ultrasonic\u0103 ADVANTAGE-Lab<\/li><li>Ansamblu electrochimic potentiostat\/galvanostat PARSTAT 2273 cu celul\u0103 electrochimic\u0103 prevazuta cu electrod de referinta de calomel si contraelectrozi de grafit<\/li><li>Difractometru X\u2019 PERT Pro MPD, soft X\u2019Pert Datacollector<\/li><\/ul>\t\t\t\t\t\t<\/div>\n\t\t\t\t<\/div>\n\t\t\t\t\t<\/div>\n\t\t<\/div>\n\t\t\t\t\t\t\t<\/div>\n\t\t<\/section>\n\t\t\t\t<section class=\"elementor-section elementor-top-section elementor-element elementor-element-d8a332e elementor-section-boxed elementor-section-height-default elementor-section-height-default sc_fly_static\" data-id=\"d8a332e\" data-element_type=\"section\">\n\t\t\t\t\t\t<div class=\"elementor-container elementor-column-gap-extended\">\n\t\t\t\t\t<div class=\"elementor-column elementor-col-100 elementor-top-column elementor-element elementor-element-4a0d6ae sc_inner_width_none sc_content_align_inherit sc_layouts_column_icons_position_left sc_fly_static\" data-id=\"4a0d6ae\" data-element_type=\"column\">\n\t\t\t<div class=\"elementor-widget-wrap elementor-element-populated\">\n\t\t\t\t\t\t\t\t<div class=\"elementor-element elementor-element-e742797 animation_type_block sc_fly_static elementor-widget elementor-widget-image-gallery\" data-id=\"e742797\" data-element_type=\"widget\" data-widget_type=\"image-gallery.default\">\n\t\t\t\t<div class=\"elementor-widget-container\">\n\t\t\t\t\t<div class=\"elementor-image-gallery\">\n\t\t\t<div id='gallery-1' class='gallery galleryid-371 gallery-columns-4 gallery-size-rsaddon-team-round-style'><figure class='gallery-item'>\n\t\t\t<div class='gallery-icon landscape'>\n\t\t\t\t<a data-elementor-open-lightbox=\"yes\" data-elementor-lightbox-slideshow=\"e742797\" data-elementor-lightbox-title=\"IMG_4279-scaled\" href='https:\/\/nuclear.ro\/wp-content\/uploads\/2021\/06\/IMG_4279-scaled-1.jpg'><img width=\"500\" height=\"500\" src=\"https:\/\/nuclear.ro\/wp-content\/uploads\/2021\/06\/IMG_4279-scaled-1-500x500.jpg\" class=\"attachment-rsaddon-team-round-style size-rsaddon-team-round-style\" alt=\"\" decoding=\"async\" loading=\"lazy\" srcset=\"https:\/\/nuclear.ro\/wp-content\/uploads\/2021\/06\/IMG_4279-scaled-1-500x500.jpg 500w, https:\/\/nuclear.ro\/wp-content\/uploads\/2021\/06\/IMG_4279-scaled-1-150x150.jpg 150w, https:\/\/nuclear.ro\/wp-content\/uploads\/2021\/06\/IMG_4279-scaled-1-90x90.jpg 90w, https:\/\/nuclear.ro\/wp-content\/uploads\/2021\/06\/IMG_4279-scaled-1-370x370.jpg 370w\" sizes=\"(max-width: 600px) 100vw, 500px\" \/><\/a>\n\t\t\t<\/div><\/figure><figure class='gallery-item'>\n\t\t\t<div class='gallery-icon landscape'>\n\t\t\t\t<a data-elementor-open-lightbox=\"yes\" data-elementor-lightbox-slideshow=\"e742797\" data-elementor-lightbox-title=\"IMG_4286-scaled\" href='https:\/\/nuclear.ro\/wp-content\/uploads\/2021\/06\/IMG_4286-scaled-1.jpg'><img width=\"500\" height=\"500\" src=\"https:\/\/nuclear.ro\/wp-content\/uploads\/2021\/06\/IMG_4286-scaled-1-500x500.jpg\" class=\"attachment-rsaddon-team-round-style size-rsaddon-team-round-style\" alt=\"\" decoding=\"async\" loading=\"lazy\" srcset=\"https:\/\/nuclear.ro\/wp-content\/uploads\/2021\/06\/IMG_4286-scaled-1-500x500.jpg 500w, https:\/\/nuclear.ro\/wp-content\/uploads\/2021\/06\/IMG_4286-scaled-1-150x150.jpg 150w, https:\/\/nuclear.ro\/wp-content\/uploads\/2021\/06\/IMG_4286-scaled-1-90x90.jpg 90w, https:\/\/nuclear.ro\/wp-content\/uploads\/2021\/06\/IMG_4286-scaled-1-370x370.jpg 370w\" sizes=\"(max-width: 600px) 100vw, 500px\" \/><\/a>\n\t\t\t<\/div><\/figure><figure class='gallery-item'>\n\t\t\t<div class='gallery-icon landscape'>\n\t\t\t\t<a data-elementor-open-lightbox=\"yes\" data-elementor-lightbox-slideshow=\"e742797\" data-elementor-lightbox-title=\"IMG_4338-scaled\" href='https:\/\/nuclear.ro\/wp-content\/uploads\/2021\/06\/IMG_4338-scaled-1.jpg'><img width=\"500\" height=\"500\" src=\"https:\/\/nuclear.ro\/wp-content\/uploads\/2021\/06\/IMG_4338-scaled-1-500x500.jpg\" class=\"attachment-rsaddon-team-round-style size-rsaddon-team-round-style\" alt=\"\" decoding=\"async\" loading=\"lazy\" srcset=\"https:\/\/nuclear.ro\/wp-content\/uploads\/2021\/06\/IMG_4338-scaled-1-500x500.jpg 500w, https:\/\/nuclear.ro\/wp-content\/uploads\/2021\/06\/IMG_4338-scaled-1-150x150.jpg 150w, https:\/\/nuclear.ro\/wp-content\/uploads\/2021\/06\/IMG_4338-scaled-1-90x90.jpg 90w, https:\/\/nuclear.ro\/wp-content\/uploads\/2021\/06\/IMG_4338-scaled-1-370x370.jpg 370w\" sizes=\"(max-width: 600px) 100vw, 500px\" \/><\/a>\n\t\t\t<\/div><\/figure><figure class='gallery-item'>\n\t\t\t<div class='gallery-icon landscape'>\n\t\t\t\t<a data-elementor-open-lightbox=\"yes\" data-elementor-lightbox-slideshow=\"e742797\" data-elementor-lightbox-title=\"IMG_4363-scaled\" href='https:\/\/nuclear.ro\/wp-content\/uploads\/2021\/06\/IMG_4363-scaled-1.jpg'><img width=\"500\" height=\"500\" src=\"https:\/\/nuclear.ro\/wp-content\/uploads\/2021\/06\/IMG_4363-scaled-1-500x500.jpg\" class=\"attachment-rsaddon-team-round-style size-rsaddon-team-round-style\" alt=\"\" decoding=\"async\" loading=\"lazy\" srcset=\"https:\/\/nuclear.ro\/wp-content\/uploads\/2021\/06\/IMG_4363-scaled-1-500x500.jpg 500w, https:\/\/nuclear.ro\/wp-content\/uploads\/2021\/06\/IMG_4363-scaled-1-150x150.jpg 150w, https:\/\/nuclear.ro\/wp-content\/uploads\/2021\/06\/IMG_4363-scaled-1-90x90.jpg 90w, https:\/\/nuclear.ro\/wp-content\/uploads\/2021\/06\/IMG_4363-scaled-1-370x370.jpg 370w\" sizes=\"(max-width: 600px) 100vw, 500px\" \/><\/a>\n\t\t\t<\/div><\/figure>\n\t\t<\/div>\n\t\t<\/div>\n\t\t\t\t<\/div>\n\t\t\t\t<\/div>\n\t\t\t\t\t<\/div>\n\t\t<\/div>\n\t\t\t\t\t\t\t<\/div>\n\t\t<\/section>\n\t\t\t\t\t\t<\/div>\n\t\t\t\t\t<\/div>","protected":false},"excerpt":{"rendered":"<p>Materiale nucleare \u0219i coroziune Proprietati Termomecanice si Analize Microstructurale Infrastructura Ma\u015fina Hidraulica Universala de Incerc\u01ceri Mecanice pentru testarea materialelor \u00een regim static (25kN) \u015fi dinamic (30kN), cu accesorii (cuptor temperaturi inalte, camera termostat\u0103, extensometru axial \u015fi tip COD); Microscop metalografic optic in lumina polarizata; Microscop electronic (SEM); Spectrometru de raze X cu dispersie dupa energie&hellip;<\/p>","protected":false},"author":1,"featured_media":0,"parent":0,"menu_order":0,"comment_status":"closed","ping_status":"closed","template":"","meta":[],"yoast_head":"<!-- This site is optimized with the Yoast SEO plugin v17.6 - https:\/\/yoast.com\/wordpress\/plugins\/seo\/ -->\n<title>materiale nucleare - ICN-Pitesti<\/title>\n<meta name=\"robots\" content=\"index, follow, max-snippet:-1, max-image-preview:large, max-video-preview:-1\" \/>\n<link rel=\"canonical\" href=\"https:\/\/nuclear.ro\/en\/materiale-nucleare\/\" \/>\n<meta property=\"og:locale\" content=\"en_US\" \/>\n<meta property=\"og:type\" content=\"article\" \/>\n<meta property=\"og:title\" content=\"materiale nucleare - ICN-Pitesti\" \/>\n<meta property=\"og:description\" content=\"Materiale nucleare \u0219i coroziune Proprietati Termomecanice si Analize Microstructurale Infrastructura Ma\u015fina Hidraulica Universala de Incerc\u01ceri Mecanice pentru testarea materialelor \u00een regim static (25kN) \u015fi dinamic (30kN), cu accesorii (cuptor temperaturi inalte, camera termostat\u0103, extensometru axial \u015fi tip COD); Microscop metalografic optic in lumina polarizata; Microscop electronic (SEM); Spectrometru de raze X cu dispersie dupa energie&hellip;\" \/>\n<meta property=\"og:url\" content=\"https:\/\/nuclear.ro\/en\/materiale-nucleare\/\" \/>\n<meta property=\"og:site_name\" content=\"ICN-Pitesti\" \/>\n<meta property=\"article:modified_time\" content=\"2021-06-10T10:29:48+00:00\" \/>\n<meta property=\"og:image\" content=\"https:\/\/nuclear.ro\/wp-content\/uploads\/2021\/06\/IMG_4279-scaled-1-500x500.jpg\" \/>\n<meta name=\"twitter:card\" content=\"summary_large_image\" \/>\n<meta name=\"twitter:label1\" content=\"Est. reading time\" \/>\n\t<meta name=\"twitter:data1\" content=\"4 minutes\" \/>\n<script type=\"application\/ld+json\" class=\"yoast-schema-graph\">{\"@context\":\"https:\/\/schema.org\",\"@graph\":[{\"@type\":\"WebSite\",\"@id\":\"https:\/\/nuclear.ro\/en\/#website\",\"url\":\"https:\/\/nuclear.ro\/en\/\",\"name\":\"ICN-Pitesti\",\"description\":\"\",\"potentialAction\":[{\"@type\":\"SearchAction\",\"target\":{\"@type\":\"EntryPoint\",\"urlTemplate\":\"https:\/\/nuclear.ro\/en\/?s={search_term_string}\"},\"query-input\":\"required name=search_term_string\"}],\"inLanguage\":\"en-US\"},{\"@type\":\"ImageObject\",\"@id\":\"https:\/\/nuclear.ro\/en\/materiale-nucleare\/#primaryimage\",\"inLanguage\":\"en-US\",\"url\":\"https:\/\/nuclear.ro\/wp-content\/uploads\/2021\/06\/IMG_4279-scaled-1.jpg\",\"contentUrl\":\"https:\/\/nuclear.ro\/wp-content\/uploads\/2021\/06\/IMG_4279-scaled-1.jpg\",\"width\":2560,\"height\":1733},{\"@type\":\"WebPage\",\"@id\":\"https:\/\/nuclear.ro\/en\/materiale-nucleare\/#webpage\",\"url\":\"https:\/\/nuclear.ro\/en\/materiale-nucleare\/\",\"name\":\"materiale nucleare - ICN-Pitesti\",\"isPartOf\":{\"@id\":\"https:\/\/nuclear.ro\/en\/#website\"},\"primaryImageOfPage\":{\"@id\":\"https:\/\/nuclear.ro\/en\/materiale-nucleare\/#primaryimage\"},\"datePublished\":\"2021-05-21T06:13:58+00:00\",\"dateModified\":\"2021-06-10T10:29:48+00:00\",\"breadcrumb\":{\"@id\":\"https:\/\/nuclear.ro\/en\/materiale-nucleare\/#breadcrumb\"},\"inLanguage\":\"en-US\",\"potentialAction\":[{\"@type\":\"ReadAction\",\"target\":[\"https:\/\/nuclear.ro\/en\/materiale-nucleare\/\"]}]},{\"@type\":\"BreadcrumbList\",\"@id\":\"https:\/\/nuclear.ro\/en\/materiale-nucleare\/#breadcrumb\",\"itemListElement\":[{\"@type\":\"ListItem\",\"position\":1,\"name\":\"Home\",\"item\":\"https:\/\/nuclear.ro\/\"},{\"@type\":\"ListItem\",\"position\":2,\"name\":\"materiale nucleare\"}]}]}<\/script>\n<!-- \/ Yoast SEO plugin. -->","yoast_head_json":{"title":"materiale nucleare - ICN-Pitesti","robots":{"index":"index","follow":"follow","max-snippet":"max-snippet:-1","max-image-preview":"max-image-preview:large","max-video-preview":"max-video-preview:-1"},"canonical":"https:\/\/nuclear.ro\/en\/materiale-nucleare\/","og_locale":"en_US","og_type":"article","og_title":"materiale nucleare - ICN-Pitesti","og_description":"Materiale nucleare \u0219i coroziune Proprietati Termomecanice si Analize Microstructurale Infrastructura Ma\u015fina Hidraulica Universala de Incerc\u01ceri Mecanice pentru testarea materialelor \u00een regim static (25kN) \u015fi dinamic (30kN), cu accesorii (cuptor temperaturi inalte, camera termostat\u0103, extensometru axial \u015fi tip COD); Microscop metalografic optic in lumina polarizata; Microscop electronic (SEM); Spectrometru de raze X cu dispersie dupa energie&hellip;","og_url":"https:\/\/nuclear.ro\/en\/materiale-nucleare\/","og_site_name":"ICN-Pitesti","article_modified_time":"2021-06-10T10:29:48+00:00","og_image":[{"url":"https:\/\/nuclear.ro\/wp-content\/uploads\/2021\/06\/IMG_4279-scaled-1-500x500.jpg"}],"twitter_card":"summary_large_image","twitter_misc":{"Est. reading time":"4 minutes"},"schema":{"@context":"https:\/\/schema.org","@graph":[{"@type":"WebSite","@id":"https:\/\/nuclear.ro\/en\/#website","url":"https:\/\/nuclear.ro\/en\/","name":"ICN-Pitesti","description":"","potentialAction":[{"@type":"SearchAction","target":{"@type":"EntryPoint","urlTemplate":"https:\/\/nuclear.ro\/en\/?s={search_term_string}"},"query-input":"required name=search_term_string"}],"inLanguage":"en-US"},{"@type":"ImageObject","@id":"https:\/\/nuclear.ro\/en\/materiale-nucleare\/#primaryimage","inLanguage":"en-US","url":"https:\/\/nuclear.ro\/wp-content\/uploads\/2021\/06\/IMG_4279-scaled-1.jpg","contentUrl":"https:\/\/nuclear.ro\/wp-content\/uploads\/2021\/06\/IMG_4279-scaled-1.jpg","width":2560,"height":1733},{"@type":"WebPage","@id":"https:\/\/nuclear.ro\/en\/materiale-nucleare\/#webpage","url":"https:\/\/nuclear.ro\/en\/materiale-nucleare\/","name":"materiale nucleare - ICN-Pitesti","isPartOf":{"@id":"https:\/\/nuclear.ro\/en\/#website"},"primaryImageOfPage":{"@id":"https:\/\/nuclear.ro\/en\/materiale-nucleare\/#primaryimage"},"datePublished":"2021-05-21T06:13:58+00:00","dateModified":"2021-06-10T10:29:48+00:00","breadcrumb":{"@id":"https:\/\/nuclear.ro\/en\/materiale-nucleare\/#breadcrumb"},"inLanguage":"en-US","potentialAction":[{"@type":"ReadAction","target":["https:\/\/nuclear.ro\/en\/materiale-nucleare\/"]}]},{"@type":"BreadcrumbList","@id":"https:\/\/nuclear.ro\/en\/materiale-nucleare\/#breadcrumb","itemListElement":[{"@type":"ListItem","position":1,"name":"Home","item":"https:\/\/nuclear.ro\/"},{"@type":"ListItem","position":2,"name":"materiale nucleare"}]}]}},"_links":{"self":[{"href":"https:\/\/nuclear.ro\/en\/wp-json\/wp\/v2\/pages\/371"}],"collection":[{"href":"https:\/\/nuclear.ro\/en\/wp-json\/wp\/v2\/pages"}],"about":[{"href":"https:\/\/nuclear.ro\/en\/wp-json\/wp\/v2\/types\/page"}],"author":[{"embeddable":true,"href":"https:\/\/nuclear.ro\/en\/wp-json\/wp\/v2\/users\/1"}],"replies":[{"embeddable":true,"href":"https:\/\/nuclear.ro\/en\/wp-json\/wp\/v2\/comments?post=371"}],"version-history":[{"count":7,"href":"https:\/\/nuclear.ro\/en\/wp-json\/wp\/v2\/pages\/371\/revisions"}],"predecessor-version":[{"id":756,"href":"https:\/\/nuclear.ro\/en\/wp-json\/wp\/v2\/pages\/371\/revisions\/756"}],"wp:attachment":[{"href":"https:\/\/nuclear.ro\/en\/wp-json\/wp\/v2\/media?parent=371"}],"curies":[{"name":"wp","href":"https:\/\/api.w.org\/{rel}","templated":true}]}}