{"id":358,"date":"2021-05-21T05:54:40","date_gmt":"2021-05-21T05:54:40","guid":{"rendered":"http:\/\/localhost\/nuc\/?page_id=358"},"modified":"2021-06-11T05:29:06","modified_gmt":"2021-06-11T05:29:06","slug":"lrrdr","status":"publish","type":"page","link":"https:\/\/nuclear.ro\/en\/lrrdr\/","title":{"rendered":"lrrdr"},"content":{"rendered":"<div data-elementor-type=\"wp-page\" data-elementor-id=\"358\" class=\"elementor elementor-358\" data-elementor-settings=\"[]\">\n\t\t\t\t\t\t\t<div class=\"elementor-section-wrap\">\n\t\t\t\t\t\t\t<section class=\"elementor-section elementor-top-section elementor-element elementor-element-779e114 elementor-section-boxed elementor-section-height-default elementor-section-height-default sc_fly_static\" data-id=\"779e114\" data-element_type=\"section\">\n\t\t\t\t\t\t<div class=\"elementor-container elementor-column-gap-extended\">\n\t\t\t\t\t<div class=\"elementor-column elementor-col-100 elementor-top-column elementor-element elementor-element-d3f87e6 sc_inner_width_none sc_content_align_inherit sc_layouts_column_icons_position_left sc_fly_static\" data-id=\"d3f87e6\" data-element_type=\"column\">\n\t\t\t<div class=\"elementor-widget-wrap elementor-element-populated\">\n\t\t\t\t\t\t\t\t<div class=\"elementor-element elementor-element-f939b1c animation_type_block sc_fly_static elementor-widget elementor-widget-slider_revolution\" data-id=\"f939b1c\" data-element_type=\"widget\" data-widget_type=\"slider_revolution.default\">\n\t\t\t\t<div class=\"elementor-widget-container\">\n\t\t\t\n\t\t<div class=\"wp-block-themepunch-revslider\">\n\t\t\t<!-- START Slider 18 REVOLUTION SLIDER 6.3.5 --><p class=\"rs-p-wp-fix\"><\/p>\n\t\t\t<rs-module-wrap id=\"rev_slider_9_1_wrapper\" data-source=\"gallery\" style=\"background:transparent;padding:0;margin:0px auto;margin-top:0;margin-bottom:0;\">\n\t\t\t\t<rs-module id=\"rev_slider_9_1\" style=\"\" data-version=\"6.3.5\">\n\t\t\t\t\t<rs-slides>\n\t\t\t\t\t\t<rs-slide data-key=\"rs-9\" data-title=\"Slide\" data-anim=\"ei:d;eo:d;s:1000;r:0;t:fade;sl:0;\">\n\t\t\t\t\t\t\t<img decoding=\"async\" loading=\"lazy\" src=\"\/\/nuclear.ro\/wp-content\/uploads\/2021\/06\/radiopretectie.jpg\" title=\"radiopretectie\" width=\"1024\" height=\"893\" class=\"rev-slidebg\" data-no-retina>\n<!---->\t\t\t\t\t\t<\/rs-slide>\n\t\t\t\t\t<\/rs-slides>\n\t\t\t\t<\/rs-module>\n\t\t\t\t<script type=\"text\/javascript\">\n\t\t\t\t\tsetREVStartSize({c: 'rev_slider_9_1',rl:[1240,1024,778,480],el:[570],gw:[1240],gh:[570],type:'standard',justify:'',layout:'fullwidth',mh:\"0\"});\n\t\t\t\t\tvar\trevapi9,\n\t\t\t\t\t\ttpj;\n\t\t\t\t\tfunction revinit_revslider91() {\n\t\t\t\t\tjQuery(function() {\n\t\t\t\t\t\ttpj = jQuery;\n\t\t\t\t\t\trevapi9 = tpj(\"#rev_slider_9_1\");\n\t\t\t\t\t\tif(revapi9==undefined || revapi9.revolution == undefined){\n\t\t\t\t\t\t\trevslider_showDoubleJqueryError(\"rev_slider_9_1\");\n\t\t\t\t\t\t}else{\n\t\t\t\t\t\t\trevapi9.revolution({\n\t\t\t\t\t\t\t\tsliderLayout:\"fullwidth\",\n\t\t\t\t\t\t\t\tvisibilityLevels:\"1240,1024,778,480\",\n\t\t\t\t\t\t\t\tgridwidth:1240,\n\t\t\t\t\t\t\t\tgridheight:570,\n\t\t\t\t\t\t\t\tperspective:600,\n\t\t\t\t\t\t\t\tperspectiveType:\"global\",\n\t\t\t\t\t\t\t\teditorheight:\"570,768,960,720\",\n\t\t\t\t\t\t\t\tresponsiveLevels:\"1240,1024,778,480\",\n\t\t\t\t\t\t\t\tprogressBar:{disableProgressBar:true},\n\t\t\t\t\t\t\t\tnavigation: {\n\t\t\t\t\t\t\t\t\tonHoverStop:false\n\t\t\t\t\t\t\t\t},\n\t\t\t\t\t\t\t\tfallbacks: {\n\t\t\t\t\t\t\t\t\tallowHTML5AutoPlayOnAndroid:true\n\t\t\t\t\t\t\t\t},\n\t\t\t\t\t\t\t});\n\t\t\t\t\t\t}\n\t\t\t\t\t\t\n\t\t\t\t\t});\n\t\t\t\t\t} \/\/ End of RevInitScript\n\t\t\t\tvar once_revslider91 = false;\n\t\t\t\tif (document.readyState === \"loading\") {document.addEventListener('readystatechange',function() { if((document.readyState === \"interactive\" || document.readyState === \"complete\") && !once_revslider91 ) { once_revslider91 = true; revinit_revslider91();}});} else {once_revslider91 = true; revinit_revslider91();}\n\t\t\t\t<\/script>\n\t\t\t<\/rs-module-wrap>\n\t\t\t<!-- END REVOLUTION SLIDER -->\n<\/div>\n\n\t\t\t\t<\/div>\n\t\t\t\t<\/div>\n\t\t\t\t\t<\/div>\n\t\t<\/div>\n\t\t\t\t\t\t\t<\/div>\n\t\t<\/section>\n\t\t\t\t<section class=\"elementor-section elementor-top-section elementor-element elementor-element-d0871be elementor-section-stretched elementor-section-boxed elementor-section-height-default elementor-section-height-default sc_fly_static\" data-id=\"d0871be\" data-element_type=\"section\" data-settings=\"{&quot;stretch_section&quot;:&quot;section-stretched&quot;,&quot;background_background&quot;:&quot;classic&quot;}\">\n\t\t\t\t\t\t<div class=\"elementor-container elementor-column-gap-extended\">\n\t\t\t\t\t<div class=\"elementor-column elementor-col-100 elementor-top-column elementor-element elementor-element-a420ffc sc_inner_width_none sc_content_align_inherit sc_layouts_column_icons_position_left sc_fly_static\" data-id=\"a420ffc\" data-element_type=\"column\">\n\t\t\t<div class=\"elementor-widget-wrap elementor-element-populated\">\n\t\t\t\t\t\t\t\t<div class=\"elementor-element elementor-element-e2dc6ce animation_type_block sc_fly_static elementor-widget elementor-widget-spacer\" data-id=\"e2dc6ce\" data-element_type=\"widget\" data-widget_type=\"spacer.default\">\n\t\t\t\t<div class=\"elementor-widget-container\">\n\t\t\t\t\t<div class=\"elementor-spacer\">\n\t\t\t<div class=\"elementor-spacer-inner\"><\/div>\n\t\t<\/div>\n\t\t\t\t<\/div>\n\t\t\t\t<\/div>\n\t\t\t\t<div class=\"elementor-element elementor-element-aa87813 animation_type_block sc_fly_static elementor-widget elementor-widget-rs-heading\" data-id=\"aa87813\" data-element_type=\"widget\" data-widget_type=\"rs-heading.default\">\n\t\t\t\t<div class=\"elementor-widget-container\">\n\t\t\t        <div class=\"rs-heading default\">\n        \t<div class=\"title-inner\">\n        \t\t      \t\t\n\t            <h2 class=\"title\"><span class=\"watermark\"><\/span>LABORATORUL DE RADIOCHIMIE \u015eI RADIOMETRIE A DE\u015eEURILOR RADIOACTIVE \u2013 LRRDR<\/h2>\t        <\/div>\n\t                <\/div>\n\n        \t\t<\/div>\n\t\t\t\t<\/div>\n\t\t\t\t<div class=\"elementor-element elementor-element-b871afd animation_type_block sc_fly_static elementor-widget elementor-widget-spacer\" data-id=\"b871afd\" data-element_type=\"widget\" data-widget_type=\"spacer.default\">\n\t\t\t\t<div class=\"elementor-widget-container\">\n\t\t\t\t\t<div class=\"elementor-spacer\">\n\t\t\t<div class=\"elementor-spacer-inner\"><\/div>\n\t\t<\/div>\n\t\t\t\t<\/div>\n\t\t\t\t<\/div>\n\t\t\t\t\t<\/div>\n\t\t<\/div>\n\t\t\t\t\t\t\t<\/div>\n\t\t<\/section>\n\t\t\t\t<section class=\"elementor-section elementor-top-section elementor-element elementor-element-f23f920 elementor-section-boxed elementor-section-height-default elementor-section-height-default sc_fly_static\" data-id=\"f23f920\" data-element_type=\"section\">\n\t\t\t\t\t\t<div class=\"elementor-container elementor-column-gap-extended\">\n\t\t\t\t\t<div class=\"elementor-column elementor-col-100 elementor-top-column elementor-element elementor-element-bb903a5 sc_inner_width_none sc_content_align_inherit sc_layouts_column_icons_position_left sc_fly_static\" data-id=\"bb903a5\" data-element_type=\"column\">\n\t\t\t<div class=\"elementor-widget-wrap elementor-element-populated\">\n\t\t\t\t\t\t\t\t<div class=\"elementor-element elementor-element-d074517 animation_type_block sc_fly_static elementor-widget elementor-widget-text-editor\" data-id=\"d074517\" data-element_type=\"widget\" data-widget_type=\"text-editor.default\">\n\t\t\t\t<div class=\"elementor-widget-container\">\n\t\t\t\t\t\t\t<p><strong><em>LRRDR<\/em><\/strong> realizeaz\u0103 lucrari de cercetare \u015fi servicii c\u0103tre FCN Pite\u015fti, CNE Cernavod\u0103 \u015fi c\u0103tre diver\u015fi agen\u0163i economici, av\u00e2nd colective de speciali\u015fti care abordeay\u0103 problematica gestion\u0103rii de\u015feurilor radioactive, a combustibilului nuclear uzat \u015fi a surselor radioactive \u00eenchise uzate \u00een vederea trat\u0103rii, condi\u0163ion\u0103rii \u015fi depozit\u0103rii finale.<\/p><p>Laboratorul de Radiochimie \u015fi Radiometrie a De\u015feurilor Radioactive, ca structur\u0103 organizatoric\u0103 apar\u0163ine de Sec\u0163ia de Tratare a De\u015feurilor Radioactive.<\/p><p><strong><em>CERTIFICATIONS<\/em><\/strong><\/p><ul><li>Laborator este desemnat de c\u0103tre CNCAN ca laborator notificat pentru incercari, prin <em>Certificatul de Desemnare nr. LI 08_LRRDR\/2020<\/em><\/li><\/ul><p><strong><em>Aparatur\u0103 utilizat\u0103<\/em><\/strong><\/p><ul><li>Analizor spectrometric gamma multicanal, model ORTEC DIGI;<\/li><li>Spectrometru secven\u0163ial cu fluorescen\u0163\u0103 de raze X, tip ARL;<\/li><li>Instala\u0163ie de combustie Sample Oxidiyer Perkin Elmer, model 307 A;<\/li><li>Radiometru portabil FH40GL10;<\/li><li>Spectrometru de emisie ICP, iCAP 6500;<\/li><li>Analizor cu lichide de scintila\u0163ie TriCarb 3110 TR;<\/li><li>Sistem de digestie \u00een c\u00e2mp de microunde;<\/li><li>Radiometru univesal UMO LB 123;<\/li><li>Multiparametru SevenGo Duo pro<sup>TM<\/sup>;<\/li><li>Multiparametru SevenMulti<sup>TM<\/sup> ;<\/li><li>Aparat Vicat;<\/li><li>Monitor tritiu, model T73 DSI;<\/li><li>Ma\u015fini pentru determinarea rezisten\u0163ei la \u00eencovoiere \u015fi compresiune.<\/li><\/ul>\t\t\t\t\t\t<\/div>\n\t\t\t\t<\/div>\n\t\t\t\t\t<\/div>\n\t\t<\/div>\n\t\t\t\t\t\t\t<\/div>\n\t\t<\/section>\n\t\t\t\t<section class=\"elementor-section elementor-top-section elementor-element elementor-element-d1eecd6 elementor-section-boxed elementor-section-height-default elementor-section-height-default sc_fly_static\" data-id=\"d1eecd6\" data-element_type=\"section\">\n\t\t\t\t\t\t<div class=\"elementor-container elementor-column-gap-extended\">\n\t\t\t\t\t<div class=\"elementor-column elementor-col-100 elementor-top-column elementor-element elementor-element-61a43c1 sc_inner_width_none sc_content_align_inherit sc_layouts_column_icons_position_left sc_fly_static\" data-id=\"61a43c1\" data-element_type=\"column\">\n\t\t\t<div class=\"elementor-widget-wrap elementor-element-populated\">\n\t\t\t\t\t\t\t\t<div class=\"elementor-element elementor-element-d68eedc animation_type_block sc_fly_static elementor-widget elementor-widget-image-gallery\" data-id=\"d68eedc\" data-element_type=\"widget\" data-widget_type=\"image-gallery.default\">\n\t\t\t\t<div class=\"elementor-widget-container\">\n\t\t\t\t\t<div class=\"elementor-image-gallery\">\n\t\t\t<div id='gallery-1' class='gallery galleryid-358 gallery-columns-4 gallery-size-rsaddon-team-round-style'><figure class='gallery-item'>\n\t\t\t<div class='gallery-icon landscape'>\n\t\t\t\t<a data-elementor-open-lightbox=\"yes\" data-elementor-lightbox-slideshow=\"d68eedc\" data-elementor-lightbox-title=\"analizor\" href='https:\/\/nuclear.ro\/wp-content\/uploads\/2021\/06\/analizor.jpg'><img width=\"272\" height=\"181\" src=\"https:\/\/nuclear.ro\/wp-content\/uploads\/2021\/06\/analizor.jpg\" class=\"attachment-rsaddon-team-round-style size-rsaddon-team-round-style\" alt=\"\" decoding=\"async\" loading=\"lazy\" \/><\/a>\n\t\t\t<\/div><\/figure><figure class='gallery-item'>\n\t\t\t<div class='gallery-icon landscape'>\n\t\t\t\t<a data-elementor-open-lightbox=\"yes\" data-elementor-lightbox-slideshow=\"d68eedc\" data-elementor-lightbox-title=\"epruvete\" href='https:\/\/nuclear.ro\/wp-content\/uploads\/2021\/06\/epruvete.jpg'><img width=\"235\" height=\"221\" src=\"https:\/\/nuclear.ro\/wp-content\/uploads\/2021\/06\/epruvete.jpg\" class=\"attachment-rsaddon-team-round-style size-rsaddon-team-round-style\" alt=\"\" decoding=\"async\" loading=\"lazy\" \/><\/a>\n\t\t\t<\/div><\/figure><figure class='gallery-item'>\n\t\t\t<div class='gallery-icon landscape'>\n\t\t\t\t<a data-elementor-open-lightbox=\"yes\" data-elementor-lightbox-slideshow=\"d68eedc\" data-elementor-lightbox-title=\"microunde\" href='https:\/\/nuclear.ro\/wp-content\/uploads\/2021\/06\/microunde.jpg'><img width=\"298\" height=\"177\" src=\"https:\/\/nuclear.ro\/wp-content\/uploads\/2021\/06\/microunde.jpg\" class=\"attachment-rsaddon-team-round-style size-rsaddon-team-round-style\" alt=\"\" decoding=\"async\" loading=\"lazy\" \/><\/a>\n\t\t\t<\/div><\/figure><figure class='gallery-item'>\n\t\t\t<div class='gallery-icon landscape'>\n\t\t\t\t<a data-elementor-open-lightbox=\"yes\" data-elementor-lightbox-slideshow=\"d68eedc\" data-elementor-lightbox-title=\"spectometru\" href='https:\/\/nuclear.ro\/wp-content\/uploads\/2021\/06\/spectometru.jpg'><img width=\"314\" height=\"149\" src=\"https:\/\/nuclear.ro\/wp-content\/uploads\/2021\/06\/spectometru.jpg\" class=\"attachment-rsaddon-team-round-style size-rsaddon-team-round-style\" alt=\"\" decoding=\"async\" loading=\"lazy\" srcset=\"https:\/\/nuclear.ro\/wp-content\/uploads\/2021\/06\/spectometru.jpg 314w, https:\/\/nuclear.ro\/wp-content\/uploads\/2021\/06\/spectometru-300x142.jpg 300w\" sizes=\"(max-width: 600px) 100vw, 314px\" \/><\/a>\n\t\t\t<\/div><\/figure>\n\t\t<\/div>\n\t\t<\/div>\n\t\t\t\t<\/div>\n\t\t\t\t<\/div>\n\t\t\t\t\t<\/div>\n\t\t<\/div>\n\t\t\t\t\t\t\t<\/div>\n\t\t<\/section>\n\t\t\t\t\t\t<\/div>\n\t\t\t\t\t<\/div>","protected":false},"excerpt":{"rendered":"<p>LABORATORUL DE RADIOCHIMIE \u015eI RADIOMETRIE A DE\u015eEURILOR RADIOACTIVE \u2013 LRRDR LRRDR realizeaz\u0103 lucrari de cercetare \u015fi servicii c\u0103tre FCN Pite\u015fti, CNE Cernavod\u0103 \u015fi c\u0103tre diver\u015fi agen\u0163i economici, av\u00e2nd colective de speciali\u015fti care abordeay\u0103 problematica gestion\u0103rii de\u015feurilor radioactive, a combustibilului nuclear uzat \u015fi a surselor radioactive \u00eenchise uzate \u00een vederea trat\u0103rii, condi\u0163ion\u0103rii \u015fi depozit\u0103rii finale. Laboratorul&hellip;<\/p>","protected":false},"author":1,"featured_media":0,"parent":0,"menu_order":0,"comment_status":"closed","ping_status":"closed","template":"","meta":[],"yoast_head":"<!-- This site is optimized with the Yoast SEO plugin v17.6 - https:\/\/yoast.com\/wordpress\/plugins\/seo\/ -->\n<title>lrrdr - ICN-Pitesti<\/title>\n<meta name=\"robots\" content=\"index, follow, max-snippet:-1, max-image-preview:large, max-video-preview:-1\" \/>\n<link rel=\"canonical\" href=\"https:\/\/nuclear.ro\/en\/lrrdr\/\" \/>\n<meta property=\"og:locale\" content=\"en_US\" \/>\n<meta property=\"og:type\" content=\"article\" \/>\n<meta property=\"og:title\" content=\"lrrdr - ICN-Pitesti\" \/>\n<meta property=\"og:description\" content=\"LABORATORUL DE RADIOCHIMIE \u015eI RADIOMETRIE A DE\u015eEURILOR RADIOACTIVE \u2013 LRRDR LRRDR realizeaz\u0103 lucrari de cercetare \u015fi servicii c\u0103tre FCN Pite\u015fti, CNE Cernavod\u0103 \u015fi c\u0103tre diver\u015fi agen\u0163i economici, av\u00e2nd colective de speciali\u015fti care abordeay\u0103 problematica gestion\u0103rii de\u015feurilor radioactive, a combustibilului nuclear uzat \u015fi a surselor radioactive \u00eenchise uzate \u00een vederea trat\u0103rii, condi\u0163ion\u0103rii \u015fi depozit\u0103rii finale. Laboratorul&hellip;\" \/>\n<meta property=\"og:url\" content=\"https:\/\/nuclear.ro\/en\/lrrdr\/\" \/>\n<meta property=\"og:site_name\" content=\"ICN-Pitesti\" \/>\n<meta property=\"article:modified_time\" content=\"2021-06-11T05:29:06+00:00\" \/>\n<meta property=\"og:image\" content=\"https:\/\/nuclear.ro\/wp-content\/uploads\/2021\/06\/analizor.jpg\" \/>\n<meta name=\"twitter:card\" content=\"summary_large_image\" \/>\n<meta name=\"twitter:label1\" content=\"Est. reading time\" \/>\n\t<meta name=\"twitter:data1\" content=\"3 minutes\" \/>\n<script type=\"application\/ld+json\" class=\"yoast-schema-graph\">{\"@context\":\"https:\/\/schema.org\",\"@graph\":[{\"@type\":\"WebSite\",\"@id\":\"https:\/\/nuclear.ro\/en\/#website\",\"url\":\"https:\/\/nuclear.ro\/en\/\",\"name\":\"ICN-Pitesti\",\"description\":\"\",\"potentialAction\":[{\"@type\":\"SearchAction\",\"target\":{\"@type\":\"EntryPoint\",\"urlTemplate\":\"https:\/\/nuclear.ro\/en\/?s={search_term_string}\"},\"query-input\":\"required name=search_term_string\"}],\"inLanguage\":\"en-US\"},{\"@type\":\"ImageObject\",\"@id\":\"https:\/\/nuclear.ro\/lrrdr\/#primaryimage\",\"inLanguage\":\"en-US\",\"url\":\"https:\/\/nuclear.ro\/wp-content\/uploads\/2021\/06\/analizor.jpg\",\"contentUrl\":\"https:\/\/nuclear.ro\/wp-content\/uploads\/2021\/06\/analizor.jpg\",\"width\":272,\"height\":181},{\"@type\":\"WebPage\",\"@id\":\"https:\/\/nuclear.ro\/lrrdr\/#webpage\",\"url\":\"https:\/\/nuclear.ro\/lrrdr\/\",\"name\":\"lrrdr - ICN-Pitesti\",\"isPartOf\":{\"@id\":\"https:\/\/nuclear.ro\/en\/#website\"},\"primaryImageOfPage\":{\"@id\":\"https:\/\/nuclear.ro\/lrrdr\/#primaryimage\"},\"datePublished\":\"2021-05-21T05:54:40+00:00\",\"dateModified\":\"2021-06-11T05:29:06+00:00\",\"breadcrumb\":{\"@id\":\"https:\/\/nuclear.ro\/lrrdr\/#breadcrumb\"},\"inLanguage\":\"en-US\",\"potentialAction\":[{\"@type\":\"ReadAction\",\"target\":[\"https:\/\/nuclear.ro\/lrrdr\/\"]}]},{\"@type\":\"BreadcrumbList\",\"@id\":\"https:\/\/nuclear.ro\/lrrdr\/#breadcrumb\",\"itemListElement\":[{\"@type\":\"ListItem\",\"position\":1,\"name\":\"Home\",\"item\":\"https:\/\/nuclear.ro\/\"},{\"@type\":\"ListItem\",\"position\":2,\"name\":\"lrrdr\"}]}]}<\/script>\n<!-- \/ Yoast SEO plugin. -->","yoast_head_json":{"title":"lrrdr - ICN-Pitesti","robots":{"index":"index","follow":"follow","max-snippet":"max-snippet:-1","max-image-preview":"max-image-preview:large","max-video-preview":"max-video-preview:-1"},"canonical":"https:\/\/nuclear.ro\/en\/lrrdr\/","og_locale":"en_US","og_type":"article","og_title":"lrrdr - ICN-Pitesti","og_description":"LABORATORUL DE RADIOCHIMIE \u015eI RADIOMETRIE A DE\u015eEURILOR RADIOACTIVE \u2013 LRRDR LRRDR realizeaz\u0103 lucrari de cercetare \u015fi servicii c\u0103tre FCN Pite\u015fti, CNE Cernavod\u0103 \u015fi c\u0103tre diver\u015fi agen\u0163i economici, av\u00e2nd colective de speciali\u015fti care abordeay\u0103 problematica gestion\u0103rii de\u015feurilor radioactive, a combustibilului nuclear uzat \u015fi a surselor radioactive \u00eenchise uzate \u00een vederea trat\u0103rii, condi\u0163ion\u0103rii \u015fi depozit\u0103rii finale. Laboratorul&hellip;","og_url":"https:\/\/nuclear.ro\/en\/lrrdr\/","og_site_name":"ICN-Pitesti","article_modified_time":"2021-06-11T05:29:06+00:00","og_image":[{"url":"https:\/\/nuclear.ro\/wp-content\/uploads\/2021\/06\/analizor.jpg"}],"twitter_card":"summary_large_image","twitter_misc":{"Est. reading time":"3 minutes"},"schema":{"@context":"https:\/\/schema.org","@graph":[{"@type":"WebSite","@id":"https:\/\/nuclear.ro\/en\/#website","url":"https:\/\/nuclear.ro\/en\/","name":"ICN-Pitesti","description":"","potentialAction":[{"@type":"SearchAction","target":{"@type":"EntryPoint","urlTemplate":"https:\/\/nuclear.ro\/en\/?s={search_term_string}"},"query-input":"required name=search_term_string"}],"inLanguage":"en-US"},{"@type":"ImageObject","@id":"https:\/\/nuclear.ro\/lrrdr\/#primaryimage","inLanguage":"en-US","url":"https:\/\/nuclear.ro\/wp-content\/uploads\/2021\/06\/analizor.jpg","contentUrl":"https:\/\/nuclear.ro\/wp-content\/uploads\/2021\/06\/analizor.jpg","width":272,"height":181},{"@type":"WebPage","@id":"https:\/\/nuclear.ro\/lrrdr\/#webpage","url":"https:\/\/nuclear.ro\/lrrdr\/","name":"lrrdr - ICN-Pitesti","isPartOf":{"@id":"https:\/\/nuclear.ro\/en\/#website"},"primaryImageOfPage":{"@id":"https:\/\/nuclear.ro\/lrrdr\/#primaryimage"},"datePublished":"2021-05-21T05:54:40+00:00","dateModified":"2021-06-11T05:29:06+00:00","breadcrumb":{"@id":"https:\/\/nuclear.ro\/lrrdr\/#breadcrumb"},"inLanguage":"en-US","potentialAction":[{"@type":"ReadAction","target":["https:\/\/nuclear.ro\/lrrdr\/"]}]},{"@type":"BreadcrumbList","@id":"https:\/\/nuclear.ro\/lrrdr\/#breadcrumb","itemListElement":[{"@type":"ListItem","position":1,"name":"Home","item":"https:\/\/nuclear.ro\/"},{"@type":"ListItem","position":2,"name":"lrrdr"}]}]}},"_links":{"self":[{"href":"https:\/\/nuclear.ro\/en\/wp-json\/wp\/v2\/pages\/358"}],"collection":[{"href":"https:\/\/nuclear.ro\/en\/wp-json\/wp\/v2\/pages"}],"about":[{"href":"https:\/\/nuclear.ro\/en\/wp-json\/wp\/v2\/types\/page"}],"author":[{"embeddable":true,"href":"https:\/\/nuclear.ro\/en\/wp-json\/wp\/v2\/users\/1"}],"replies":[{"embeddable":true,"href":"https:\/\/nuclear.ro\/en\/wp-json\/wp\/v2\/comments?post=358"}],"version-history":[{"count":10,"href":"https:\/\/nuclear.ro\/en\/wp-json\/wp\/v2\/pages\/358\/revisions"}],"predecessor-version":[{"id":1113,"href":"https:\/\/nuclear.ro\/en\/wp-json\/wp\/v2\/pages\/358\/revisions\/1113"}],"wp:attachment":[{"href":"https:\/\/nuclear.ro\/en\/wp-json\/wp\/v2\/media?parent=358"}],"curies":[{"name":"wp","href":"https:\/\/api.w.org\/{rel}","templated":true}]}}