{"id":262,"date":"2021-05-20T09:03:48","date_gmt":"2021-05-20T09:03:48","guid":{"rendered":"http:\/\/localhost\/nuc\/?page_id=262"},"modified":"2022-09-01T10:04:47","modified_gmt":"2022-09-01T10:04:47","slug":"icerr-iaea","status":"publish","type":"page","link":"https:\/\/nuclear.ro\/en\/icerr-iaea\/","title":{"rendered":"icerr-iaea"},"content":{"rendered":"<div data-elementor-type=\"wp-page\" data-elementor-id=\"262\" class=\"elementor elementor-262\" data-elementor-settings=\"[]\">\n\t\t\t\t\t\t\t<div class=\"elementor-section-wrap\">\n\t\t\t\t\t\t\t<section class=\"elementor-section elementor-top-section elementor-element elementor-element-b989954 elementor-section-boxed elementor-section-height-default elementor-section-height-default sc_fly_static\" data-id=\"b989954\" data-element_type=\"section\">\n\t\t\t\t\t\t<div class=\"elementor-container elementor-column-gap-extended\">\n\t\t\t\t\t<div class=\"elementor-column elementor-col-100 elementor-top-column elementor-element elementor-element-e5ceba3 sc_inner_width_none sc_content_align_inherit sc_layouts_column_icons_position_left sc_fly_static\" data-id=\"e5ceba3\" data-element_type=\"column\">\n\t\t\t<div class=\"elementor-widget-wrap elementor-element-populated\">\n\t\t\t\t\t\t\t\t<div class=\"elementor-element elementor-element-bed27be animation_type_block sc_fly_static elementor-widget elementor-widget-slider_revolution\" data-id=\"bed27be\" data-element_type=\"widget\" data-widget_type=\"slider_revolution.default\">\n\t\t\t\t<div class=\"elementor-widget-container\">\n\t\t\t\n\t\t<div class=\"wp-block-themepunch-revslider\">\n\t\t\t<!-- START Slider 8 REVOLUTION SLIDER 6.3.5 --><p class=\"rs-p-wp-fix\"><\/p>\n\t\t\t<rs-module-wrap id=\"rev_slider_5_1_wrapper\" data-source=\"gallery\" style=\"background:transparent;padding:0;margin:0px auto;margin-top:0;margin-bottom:0;\">\n\t\t\t\t<rs-module id=\"rev_slider_5_1\" style=\"\" data-version=\"6.3.5\">\n\t\t\t\t\t<rs-slides>\n\t\t\t\t\t\t<rs-slide data-key=\"rs-5\" data-title=\"Slide\" data-anim=\"ei:d;eo:d;s:1000;r:0;t:fade;sl:0;\">\n\t\t\t\t\t\t\t<img decoding=\"async\" loading=\"lazy\" src=\"\/\/nuclear.ro\/wp-content\/uploads\/2021\/05\/SITE-ICN_2021_back_ICERR2760.jpg\" title=\"SITE-ICN_2021_back_ICERR2760\" width=\"1920\" height=\"576\" class=\"rev-slidebg\" data-no-retina>\n<!---->\t\t\t\t\t\t<\/rs-slide>\n\t\t\t\t\t<\/rs-slides>\n\t\t\t\t<\/rs-module>\n\t\t\t\t<script type=\"text\/javascript\">\n\t\t\t\t\tsetREVStartSize({c: 'rev_slider_5_1',rl:[1240,1024,778,480],el:[540],gw:[1240],gh:[540],type:'standard',justify:'',layout:'fullwidth',mh:\"0\"});\n\t\t\t\t\tvar\trevapi5,\n\t\t\t\t\t\ttpj;\n\t\t\t\t\tfunction revinit_revslider51() {\n\t\t\t\t\tjQuery(function() {\n\t\t\t\t\t\ttpj = jQuery;\n\t\t\t\t\t\trevapi5 = tpj(\"#rev_slider_5_1\");\n\t\t\t\t\t\tif(revapi5==undefined || revapi5.revolution == undefined){\n\t\t\t\t\t\t\trevslider_showDoubleJqueryError(\"rev_slider_5_1\");\n\t\t\t\t\t\t}else{\n\t\t\t\t\t\t\trevapi5.revolution({\n\t\t\t\t\t\t\t\tsliderLayout:\"fullwidth\",\n\t\t\t\t\t\t\t\tvisibilityLevels:\"1240,1024,778,480\",\n\t\t\t\t\t\t\t\tgridwidth:1240,\n\t\t\t\t\t\t\t\tgridheight:540,\n\t\t\t\t\t\t\t\tperspective:600,\n\t\t\t\t\t\t\t\tperspectiveType:\"global\",\n\t\t\t\t\t\t\t\teditorheight:\"540,768,960,720\",\n\t\t\t\t\t\t\t\tresponsiveLevels:\"1240,1024,778,480\",\n\t\t\t\t\t\t\t\tprogressBar:{disableProgressBar:true},\n\t\t\t\t\t\t\t\tnavigation: {\n\t\t\t\t\t\t\t\t\tonHoverStop:false\n\t\t\t\t\t\t\t\t},\n\t\t\t\t\t\t\t\tfallbacks: {\n\t\t\t\t\t\t\t\t\tallowHTML5AutoPlayOnAndroid:true\n\t\t\t\t\t\t\t\t},\n\t\t\t\t\t\t\t});\n\t\t\t\t\t\t}\n\t\t\t\t\t\t\n\t\t\t\t\t});\n\t\t\t\t\t} \/\/ End of RevInitScript\n\t\t\t\tvar once_revslider51 = false;\n\t\t\t\tif (document.readyState === \"loading\") {document.addEventListener('readystatechange',function() { if((document.readyState === \"interactive\" || document.readyState === \"complete\") && !once_revslider51 ) { once_revslider51 = true; revinit_revslider51();}});} else {once_revslider51 = true; revinit_revslider51();}\n\t\t\t\t<\/script>\n\t\t\t<\/rs-module-wrap>\n\t\t\t<!-- END REVOLUTION SLIDER -->\n<\/div>\n\n\t\t\t\t<\/div>\n\t\t\t\t<\/div>\n\t\t\t\t\t<\/div>\n\t\t<\/div>\n\t\t\t\t\t\t\t<\/div>\n\t\t<\/section>\n\t\t\t\t<section class=\"elementor-section elementor-top-section elementor-element elementor-element-976723d elementor-section-boxed elementor-section-height-default elementor-section-height-default sc_fly_static\" data-id=\"976723d\" data-element_type=\"section\">\n\t\t\t\t\t\t<div class=\"elementor-container elementor-column-gap-extended\">\n\t\t\t\t\t<div class=\"elementor-column elementor-col-100 elementor-top-column elementor-element elementor-element-a64aec4 sc_inner_width_none sc_content_align_inherit sc_layouts_column_icons_position_left sc_fly_static\" data-id=\"a64aec4\" data-element_type=\"column\">\n\t\t\t<div class=\"elementor-widget-wrap elementor-element-populated\">\n\t\t\t\t\t\t\t\t<div class=\"elementor-element elementor-element-e2b06b8 animation_type_block sc_fly_static elementor-widget elementor-widget-text-editor\" data-id=\"e2b06b8\" data-element_type=\"widget\" data-widget_type=\"text-editor.default\">\n\t\t\t\t<div class=\"elementor-widget-container\">\n\t\t\t\t\t\t\t<div class=\"post_content post_content_single entry-content\"><p>After the signing of two agreements in 2015 and 2019 in the framework of the \" Practical Arrangements on Cooperation in the area of Scientific and Technical Support to Member States in Nuclear Safety\u201d between ICN and IAEA, the cooperation between the two institutions developed continuously, so that on 17.01.2020, following the evaluation of the International Atomic Energy Agency, the Institute for Nuclear Research Pitesti was designated as International Center based on Research Reactor - ICERR for the fields \"Education and Training\" and \"Joint research and development (R&amp;D) projects)\".<\/p><p><a href=\"https:\/\/www.iaea.org\/about\/partnerships\/international-centres-based-on-research-reactors-icerrs\">https:\/\/www.iaea.org\/about\/partnerships\/international-centres-based-on-research-reactors-icerrs<\/a><\/p><p>The designation of the Institute as ICERR together with 6 other renowned institutes from the USA, France, Korea, Russia and Belgium, represents an international recognition of the nuclear research capabilities in the field of nuclear energy represented by RATEN ICN.<\/p><p><a href=\"https:\/\/www.flickr.com\/photos\/iaea_imagebank\/albums\/72157719880069206\">During the 65th edition of the IAEA General Conference organized at the Agency's headquarters in Vienna, Austria, Rafael Mariano Grossi, the Director General of the IAEA handed the representatives of the Institute of Nuclear Research the plaque designating the organization as ICERR (International Center based on Research Reactor) for the field \"Education and Training\" and \"Joint Research and Development (R&amp;D) Projects\". September 20, 2021<\/a><\/p><p class=\" translation-block\">Within the TRIGA Reactor department, for the field \"Education and Training\", the training is provided in the following areas:<\/p><ul><li><strong><a href=\"https:\/\/nuclear.ro\/en\/safety-analysis-for-in-core-fuel-testing\/\">Nuclear safety<\/a><\/strong><\/li><li><strong><a href=\"https:\/\/nuclear.ro\/en\/triga-reactor-ic-system\/\">Reactor Physics<\/a><\/strong><\/li><li><strong><a href=\"https:\/\/nuclear.ro\/en\/radioprotection\/\">Radioprotection<\/a><\/strong><\/li><li><strong><a href=\"https:\/\/nuclear.ro\/en\/irradiation-testing-and-instrumentation\/\">Irradiation techniques<\/a><\/strong><\/li><li><strong><a href=\"https:\/\/nuclear.ro\/en\/naa-neutron-activation-analysis\/\">Use of neutron beams<\/a><\/strong><\/li><\/ul><p class=\" translation-block\">\"Joint Research and Development (R&amp;D) Projects\" in the fields of:<\/p><ul><li>Fuel testing for Generation IV reactors<\/li><li>Production of radioisotopes with applications in medicine and industry<\/li><li>Irradiation of materials of nuclear interest<\/li><li>Structural analysis using nuclear techniques<\/li><li>Post navigation<\/li><\/ul><\/div><div class=\"post_footer post_footer_single entry-footer\">\u00a0<\/div>\t\t\t\t\t\t<\/div>\n\t\t\t\t<\/div>\n\t\t\t\t\t<\/div>\n\t\t<\/div>\n\t\t\t\t\t\t\t<\/div>\n\t\t<\/section>\n\t\t\t\t<section class=\"elementor-section elementor-top-section elementor-element elementor-element-91ebeb3 elementor-section-boxed elementor-section-height-default elementor-section-height-default sc_fly_static\" data-id=\"91ebeb3\" data-element_type=\"section\">\n\t\t\t\t\t\t<div class=\"elementor-container elementor-column-gap-extended\">\n\t\t\t\t\t<div class=\"elementor-column elementor-col-100 elementor-top-column elementor-element elementor-element-742e178 sc_inner_width_none sc_content_align_inherit sc_layouts_column_icons_position_left sc_fly_static\" data-id=\"742e178\" data-element_type=\"column\">\n\t\t\t<div class=\"elementor-widget-wrap elementor-element-populated\">\n\t\t\t\t\t\t\t\t<div class=\"elementor-element elementor-element-80dac19 icer-11 elementor-widget__width-auto animation_type_block sc_fly_static elementor-widget elementor-widget-text-editor\" data-id=\"80dac19\" data-element_type=\"widget\" data-widget_type=\"text-editor.default\">\n\t\t\t\t<div class=\"elementor-widget-container\">\n\t\t\t\t\t\t\t<p>Do you have a project?\u00a0<\/p>\t\t\t\t\t\t<\/div>\n\t\t\t\t<\/div>\n\t\t\t\t<div class=\"elementor-element elementor-element-65669a8 icer-11 elementor-widget__width-auto animation_type_block sc_fly_static elementor-widget elementor-widget-rs-button\" data-id=\"65669a8\" data-element_type=\"widget\" data-widget_type=\"rs-button.default\">\n\t\t\t\t<div class=\"elementor-widget-container\">\n\t\t\t\t\n\t\t\n\t\t<div class=\"rs-btn\">\n\t\t\t\t\t\t<a class=\"readon rs_button\" href=\"\" >\t\t\t\t\n\t\t\t\t<span class=\"btn_text\">Contact us<\/span>\n\t\t\t\t\t\t\t\t\t<i class=\"fa fa fa-angle-right\"><\/i>\n\t\t\t\t\t\t\t<\/a>\n\t\t<\/div>    \n\t\t\t<\/div>\n\t\t\t\t<\/div>\n\t\t\t\t\t<\/div>\n\t\t<\/div>\n\t\t\t\t\t\t\t<\/div>\n\t\t<\/section>\n\t\t\t\t\t\t<\/div>\n\t\t\t\t\t<\/div>","protected":false},"excerpt":{"rendered":"<p>Dup\u0103 semnarea \u00een 2015 \u0219i 2019 a dou\u0103 acorduri de tip \u201ePractical Arrangements on Cooperation in the area of Scientific and Technical Support to Member States in Nuclear Safety\u201d \u00eentre ICN \u0219i IAEA , cooperarea \u00eentre cele dou\u0103 institu\u021bii s-a dezvoltat, astfel c\u0103 \u00een data de 17.01.2020, \u00een urma evalu\u0103rii de c\u0103tre International Atomic Energy&hellip;<\/p>","protected":false},"author":1,"featured_media":0,"parent":0,"menu_order":0,"comment_status":"closed","ping_status":"closed","template":"","meta":[],"yoast_head":"<!-- This site is optimized with the Yoast SEO plugin v17.6 - https:\/\/yoast.com\/wordpress\/plugins\/seo\/ -->\n<title>icerr-iaea - ICN-Pitesti<\/title>\n<meta name=\"robots\" content=\"index, follow, max-snippet:-1, max-image-preview:large, max-video-preview:-1\" \/>\n<link rel=\"canonical\" href=\"https:\/\/nuclear.ro\/en\/icerr-iaea\/\" \/>\n<meta property=\"og:locale\" content=\"en_US\" \/>\n<meta property=\"og:type\" content=\"article\" \/>\n<meta property=\"og:title\" content=\"icerr-iaea - ICN-Pitesti\" \/>\n<meta property=\"og:description\" content=\"Dup\u0103 semnarea \u00een 2015 \u0219i 2019 a dou\u0103 acorduri de tip \u201ePractical Arrangements on Cooperation in the area of Scientific and Technical Support to Member States in Nuclear Safety\u201d \u00eentre ICN \u0219i IAEA , cooperarea \u00eentre cele dou\u0103 institu\u021bii s-a dezvoltat, astfel c\u0103 \u00een data de 17.01.2020, \u00een urma evalu\u0103rii de c\u0103tre International Atomic Energy&hellip;\" \/>\n<meta property=\"og:url\" content=\"https:\/\/nuclear.ro\/en\/icerr-iaea\/\" \/>\n<meta property=\"og:site_name\" content=\"ICN-Pitesti\" \/>\n<meta property=\"article:modified_time\" content=\"2022-09-01T10:04:47+00:00\" \/>\n<meta name=\"twitter:card\" content=\"summary_large_image\" \/>\n<meta name=\"twitter:label1\" content=\"Est. reading time\" \/>\n\t<meta name=\"twitter:data1\" content=\"2 minutes\" \/>\n<script type=\"application\/ld+json\" class=\"yoast-schema-graph\">{\"@context\":\"https:\/\/schema.org\",\"@graph\":[{\"@type\":\"WebSite\",\"@id\":\"https:\/\/nuclear.ro\/en\/#website\",\"url\":\"https:\/\/nuclear.ro\/en\/\",\"name\":\"ICN-Pitesti\",\"description\":\"\",\"potentialAction\":[{\"@type\":\"SearchAction\",\"target\":{\"@type\":\"EntryPoint\",\"urlTemplate\":\"https:\/\/nuclear.ro\/en\/?s={search_term_string}\"},\"query-input\":\"required name=search_term_string\"}],\"inLanguage\":\"en-US\"},{\"@type\":\"WebPage\",\"@id\":\"https:\/\/nuclear.ro\/icerr-iaea\/#webpage\",\"url\":\"https:\/\/nuclear.ro\/icerr-iaea\/\",\"name\":\"icerr-iaea - ICN-Pitesti\",\"isPartOf\":{\"@id\":\"https:\/\/nuclear.ro\/en\/#website\"},\"datePublished\":\"2021-05-20T09:03:48+00:00\",\"dateModified\":\"2022-09-01T10:04:47+00:00\",\"breadcrumb\":{\"@id\":\"https:\/\/nuclear.ro\/icerr-iaea\/#breadcrumb\"},\"inLanguage\":\"en-US\",\"potentialAction\":[{\"@type\":\"ReadAction\",\"target\":[\"https:\/\/nuclear.ro\/icerr-iaea\/\"]}]},{\"@type\":\"BreadcrumbList\",\"@id\":\"https:\/\/nuclear.ro\/icerr-iaea\/#breadcrumb\",\"itemListElement\":[{\"@type\":\"ListItem\",\"position\":1,\"name\":\"Home\",\"item\":\"https:\/\/nuclear.ro\/\"},{\"@type\":\"ListItem\",\"position\":2,\"name\":\"icerr-iaea\"}]}]}<\/script>\n<!-- \/ Yoast SEO plugin. -->","yoast_head_json":{"title":"icerr-iaea - ICN-Pitesti","robots":{"index":"index","follow":"follow","max-snippet":"max-snippet:-1","max-image-preview":"max-image-preview:large","max-video-preview":"max-video-preview:-1"},"canonical":"https:\/\/nuclear.ro\/en\/icerr-iaea\/","og_locale":"en_US","og_type":"article","og_title":"icerr-iaea - ICN-Pitesti","og_description":"Dup\u0103 semnarea \u00een 2015 \u0219i 2019 a dou\u0103 acorduri de tip \u201ePractical Arrangements on Cooperation in the area of Scientific and Technical Support to Member States in Nuclear Safety\u201d \u00eentre ICN \u0219i IAEA , cooperarea \u00eentre cele dou\u0103 institu\u021bii s-a dezvoltat, astfel c\u0103 \u00een data de 17.01.2020, \u00een urma evalu\u0103rii de c\u0103tre International Atomic Energy&hellip;","og_url":"https:\/\/nuclear.ro\/en\/icerr-iaea\/","og_site_name":"ICN-Pitesti","article_modified_time":"2022-09-01T10:04:47+00:00","twitter_card":"summary_large_image","twitter_misc":{"Est. reading time":"2 minutes"},"schema":{"@context":"https:\/\/schema.org","@graph":[{"@type":"WebSite","@id":"https:\/\/nuclear.ro\/en\/#website","url":"https:\/\/nuclear.ro\/en\/","name":"ICN-Pitesti","description":"","potentialAction":[{"@type":"SearchAction","target":{"@type":"EntryPoint","urlTemplate":"https:\/\/nuclear.ro\/en\/?s={search_term_string}"},"query-input":"required name=search_term_string"}],"inLanguage":"en-US"},{"@type":"WebPage","@id":"https:\/\/nuclear.ro\/icerr-iaea\/#webpage","url":"https:\/\/nuclear.ro\/icerr-iaea\/","name":"icerr-iaea - ICN-Pitesti","isPartOf":{"@id":"https:\/\/nuclear.ro\/en\/#website"},"datePublished":"2021-05-20T09:03:48+00:00","dateModified":"2022-09-01T10:04:47+00:00","breadcrumb":{"@id":"https:\/\/nuclear.ro\/icerr-iaea\/#breadcrumb"},"inLanguage":"en-US","potentialAction":[{"@type":"ReadAction","target":["https:\/\/nuclear.ro\/icerr-iaea\/"]}]},{"@type":"BreadcrumbList","@id":"https:\/\/nuclear.ro\/icerr-iaea\/#breadcrumb","itemListElement":[{"@type":"ListItem","position":1,"name":"Home","item":"https:\/\/nuclear.ro\/"},{"@type":"ListItem","position":2,"name":"icerr-iaea"}]}]}},"_links":{"self":[{"href":"https:\/\/nuclear.ro\/en\/wp-json\/wp\/v2\/pages\/262"}],"collection":[{"href":"https:\/\/nuclear.ro\/en\/wp-json\/wp\/v2\/pages"}],"about":[{"href":"https:\/\/nuclear.ro\/en\/wp-json\/wp\/v2\/types\/page"}],"author":[{"embeddable":true,"href":"https:\/\/nuclear.ro\/en\/wp-json\/wp\/v2\/users\/1"}],"replies":[{"embeddable":true,"href":"https:\/\/nuclear.ro\/en\/wp-json\/wp\/v2\/comments?post=262"}],"version-history":[{"count":58,"href":"https:\/\/nuclear.ro\/en\/wp-json\/wp\/v2\/pages\/262\/revisions"}],"predecessor-version":[{"id":2136,"href":"https:\/\/nuclear.ro\/en\/wp-json\/wp\/v2\/pages\/262\/revisions\/2136"}],"wp:attachment":[{"href":"https:\/\/nuclear.ro\/en\/wp-json\/wp\/v2\/media?parent=262"}],"curies":[{"name":"wp","href":"https:\/\/api.w.org\/{rel}","templated":true}]}}