{"id":1902,"date":"2022-05-27T05:04:07","date_gmt":"2022-05-27T05:04:07","guid":{"rendered":"https:\/\/nuclear.ro\/?page_id=1902"},"modified":"2025-01-29T09:58:14","modified_gmt":"2025-01-29T09:58:14","slug":"info","status":"publish","type":"page","link":"https:\/\/nuclear.ro\/en\/info\/","title":{"rendered":"Info"},"content":{"rendered":"<div data-elementor-type=\"wp-page\" data-elementor-id=\"1902\" class=\"elementor elementor-1902\" data-elementor-settings=\"[]\">\n\t\t\t\t\t\t\t<div class=\"elementor-section-wrap\">\n\t\t\t\t\t\t\t<section class=\"elementor-section elementor-top-section elementor-element elementor-element-21f0c5c elementor-section-full_width elementor-section-stretched sc_extra_bg_large elementor-section-height-default elementor-section-height-default sc_fly_static\" data-id=\"21f0c5c\" data-element_type=\"section\" data-settings=\"{&quot;stretch_section&quot;:&quot;section-stretched&quot;}\">\n\t\t\t\t\t\t<div class=\"elementor-container elementor-column-gap-default\">\n\t\t\t\t\t<div class=\"elementor-column elementor-col-100 elementor-top-column elementor-element elementor-element-25f518b sc_inner_width_none sc_content_align_inherit sc_layouts_column_icons_position_left sc_fly_static\" data-id=\"25f518b\" data-element_type=\"column\">\n\t\t\t<div class=\"elementor-widget-wrap elementor-element-populated\">\n\t\t\t\t\t\t\t\t<div class=\"elementor-element elementor-element-699723d animation_type_block sc_fly_static elementor-widget elementor-widget-slider_revolution\" data-id=\"699723d\" data-element_type=\"widget\" data-widget_type=\"slider_revolution.default\">\n\t\t\t\t<div class=\"elementor-widget-container\">\n\t\t\t\n\t\t<div class=\"wp-block-themepunch-revslider\">\n\t\t\t<!-- START info REVOLUTION SLIDER 6.3.5 --><p class=\"rs-p-wp-fix\"><\/p>\n\t\t\t<rs-module-wrap id=\"rev_slider_18_1_wrapper\" data-source=\"gallery\" style=\"background:transparent;padding:0;margin:0px auto;margin-top:0;margin-bottom:0;\">\n\t\t\t\t<rs-module id=\"rev_slider_18_1\" style=\"\" data-version=\"6.3.5\">\n\t\t\t\t\t<rs-slides>\n\t\t\t\t\t\t<rs-slide data-key=\"rs-20\" data-title=\"Slide\" data-anim=\"ei:d;eo:d;s:1000;r:0;t:fade;sl:0;\">\n\t\t\t\t\t\t\t<img decoding=\"async\" loading=\"lazy\" src=\"\/\/nuclear.ro\/wp-content\/uploads\/2022\/05\/INFO.png\" title=\"INFO\" width=\"3000\" height=\"689\" class=\"rev-slidebg\" data-no-retina>\n<!---->\t\t\t\t\t\t<\/rs-slide>\n\t\t\t\t\t<\/rs-slides>\n\t\t\t\t<\/rs-module>\n\t\t\t\t<script type=\"text\/javascript\">\n\t\t\t\t\tsetREVStartSize({c: 'rev_slider_18_1',rl:[1240,1024,778,480],el:[540],gw:[1240],gh:[540],type:'standard',justify:'',layout:'fullwidth',mh:\"0\"});\n\t\t\t\t\tvar\trevapi18,\n\t\t\t\t\t\ttpj;\n\t\t\t\t\tfunction revinit_revslider181() {\n\t\t\t\t\tjQuery(function() {\n\t\t\t\t\t\ttpj = jQuery;\n\t\t\t\t\t\trevapi18 = tpj(\"#rev_slider_18_1\");\n\t\t\t\t\t\tif(revapi18==undefined || revapi18.revolution == undefined){\n\t\t\t\t\t\t\trevslider_showDoubleJqueryError(\"rev_slider_18_1\");\n\t\t\t\t\t\t}else{\n\t\t\t\t\t\t\trevapi18.revolution({\n\t\t\t\t\t\t\t\tsliderLayout:\"fullwidth\",\n\t\t\t\t\t\t\t\tvisibilityLevels:\"1240,1024,778,480\",\n\t\t\t\t\t\t\t\tgridwidth:1240,\n\t\t\t\t\t\t\t\tgridheight:540,\n\t\t\t\t\t\t\t\tperspective:600,\n\t\t\t\t\t\t\t\tperspectiveType:\"global\",\n\t\t\t\t\t\t\t\teditorheight:\"540,768,960,720\",\n\t\t\t\t\t\t\t\tresponsiveLevels:\"1240,1024,778,480\",\n\t\t\t\t\t\t\t\tprogressBar:{disableProgressBar:true},\n\t\t\t\t\t\t\t\tnavigation: {\n\t\t\t\t\t\t\t\t\tonHoverStop:false\n\t\t\t\t\t\t\t\t},\n\t\t\t\t\t\t\t\tfallbacks: {\n\t\t\t\t\t\t\t\t\tallowHTML5AutoPlayOnAndroid:true\n\t\t\t\t\t\t\t\t},\n\t\t\t\t\t\t\t});\n\t\t\t\t\t\t}\n\t\t\t\t\t\t\n\t\t\t\t\t});\n\t\t\t\t\t} \/\/ End of RevInitScript\n\t\t\t\tvar once_revslider181 = false;\n\t\t\t\tif (document.readyState === \"loading\") {document.addEventListener('readystatechange',function() { if((document.readyState === \"interactive\" || document.readyState === \"complete\") && !once_revslider181 ) { once_revslider181 = true; revinit_revslider181();}});} else {once_revslider181 = true; revinit_revslider181();}\n\t\t\t\t<\/script>\n\t\t\t<\/rs-module-wrap>\n\t\t\t<!-- END REVOLUTION SLIDER -->\n<\/div>\n\n\t\t\t\t<\/div>\n\t\t\t\t<\/div>\n\t\t\t\t\t<\/div>\n\t\t<\/div>\n\t\t\t\t\t\t\t<\/div>\n\t\t<\/section>\n\t\t\t\t<section class=\"elementor-section elementor-top-section elementor-element elementor-element-d2e10e7 elementor-section-stretched elementor-section-boxed elementor-section-height-default elementor-section-height-default sc_fly_static\" data-id=\"d2e10e7\" data-element_type=\"section\" data-settings=\"{&quot;stretch_section&quot;:&quot;section-stretched&quot;,&quot;background_background&quot;:&quot;classic&quot;}\">\n\t\t\t\t\t\t<div class=\"elementor-container elementor-column-gap-extended\">\n\t\t\t\t\t<div class=\"elementor-column elementor-col-100 elementor-top-column elementor-element elementor-element-bb9592c sc_inner_width_none sc_content_align_inherit sc_layouts_column_icons_position_left sc_fly_static\" data-id=\"bb9592c\" data-element_type=\"column\">\n\t\t\t<div class=\"elementor-widget-wrap elementor-element-populated\">\n\t\t\t\t\t\t\t\t<div class=\"elementor-element elementor-element-44bb555 animation_type_block sc_fly_static elementor-widget elementor-widget-rs-heading\" data-id=\"44bb555\" data-element_type=\"widget\" data-widget_type=\"rs-heading.default\">\n\t\t\t\t<div class=\"elementor-widget-container\">\n\t\t\t        <div class=\"rs-heading default\">\n        \t<div class=\"title-inner\">\n        \t\t      \t\t\n\t            <h2 class=\"title\"><span class=\"watermark\"><\/span>Centru de informare a publicului asupra activit\u0103\u021bilor din domeniul nuclear \u0219i pentru promovarea tehnologiei SMR<\/h2>\t        <\/div>\n\t                <\/div>\n\n        \t\t<\/div>\n\t\t\t\t<\/div>\n\t\t\t\t\t<\/div>\n\t\t<\/div>\n\t\t\t\t\t\t\t<\/div>\n\t\t<\/section>\n\t\t\t\t<section class=\"elementor-section elementor-top-section elementor-element elementor-element-a398b70 elementor-section-boxed elementor-section-height-default elementor-section-height-default sc_fly_static\" data-id=\"a398b70\" data-element_type=\"section\">\n\t\t\t\t\t\t<div class=\"elementor-container elementor-column-gap-extended\">\n\t\t\t\t\t<div class=\"elementor-column elementor-col-100 elementor-top-column elementor-element elementor-element-843f5c6 sc_inner_width_none sc_content_align_inherit sc_layouts_column_icons_position_left sc_fly_static\" data-id=\"843f5c6\" data-element_type=\"column\">\n\t\t\t<div class=\"elementor-widget-wrap elementor-element-populated\">\n\t\t\t\t\t\t\t\t<div class=\"elementor-element elementor-element-62f89c9 animation_type_block sc_fly_static elementor-widget elementor-widget-text-editor\" data-id=\"62f89c9\" data-element_type=\"widget\" data-widget_type=\"text-editor.default\">\n\t\t\t\t<div class=\"elementor-widget-container\">\n\t\t\t\t\t\t\t<p><strong>Obiectivul principal: <\/strong>informarea publicului cu privire la activit\u0103\u021bile din domeniul energeticii nucleare, a beneficiilor \u0219i a modalitatilor de gestionare a riscurilor asociate cu aceasta.<\/p><p><strong>Ac\u021biunile vizate<\/strong>:<\/p><ul><li>Prezent\u0103ri facute elevilor din \u0219coli \u0219i licee, membrilor diferitelor asocia\u021bii, comitete;<\/li><li>Organizarea de \u00eent\u00e2lniri cu tematici specifice (energia nuclear\u0103, tehnologia SMR);<\/li><li>Organizarea de vizite pe platforma nuclear\u0103 RATEN ICN \u00een diferite departamente de cercetare;<\/li><li>\u00cent\u00e2lniri periodice cu reprezentan\u021bi ai autorit\u0103\u021bilor locale, diferite asocia\u021bii, ONG-uri pentru informarea corect\u0103 a popula\u021biei despre beneficiile energiei nucleare \u0219i a proiectelor aflate \u00een derulare pe platform\u0103.<\/li><\/ul><p>Centrul va facilita popularizarea informa\u021biilor, posibilitatea de organizare de ac\u021biuni \u00een vederea accesului liber la informa\u021biile privind impactul asupra mediului \u00een urma activit\u0103\u021bilor desf\u0103\u0219urate \u0219i tehnologia SMR. De asemenea, va intensifica comunicarea deschis\u0103, responsabil\u0103, corect\u0103 \u0219i la timp cu comunitatea local\u0103 \u0219i nu numai.<\/p><p><strong>Program de vizitare\u00a0a departamentelor din cadrul RATEN ICN<\/strong><\/p><p>Pentru ini\u021bierea unei ac\u021biuni de vizitare a obiectivelor existente pe platforma RATEN ICN este necesar\u0103 transmiterea unei\u00a0<span style=\"color: #008080;\"><a style=\"color: #008080;\" href=\"https:\/\/nuclear.ro\/wp-content\/uploads\/2024\/12\/Model-solicitare-vizita.doc\"><strong><em>Scrisori de Inten\u021bie<\/em><\/strong><\/a><\/span>\u00a0(cu minim 30 zile lucratoare \u00eenainte de data solicitat\u0103), \u00een aten\u021bia domnului director al RATEN ICN, care s\u0103 con\u021bin\u0103 urm\u0103toarele informa\u021bii:<\/p><ul><li>Nume \u0219i prenume,<\/li><li>Data \u0219i locul na\u0219terii,<\/li><li>Serie \u0219i num\u0103r Pa\u0219aport \/ Buletin \/ Carte de Identitate,<\/li><li>Emitentul \u0219i data emiterii actului de identitate,<\/li><li>Institu\u021bia reprezentat\u0103,<\/li><li>Scopul vizitei \u0219i perioada propus\u0103,<\/li><\/ul><p>prin fax la numarul: + 40 248 26.24.49.<\/p><p>Pentru ob\u021binerea de detalii suplimentare, v\u0103 rug\u0103m s\u0103 contacta\u021bi: Biroul de Rela\u021bii Externe, Transfer Tehnologic, Protocol, e-mail: <a href=\"mailto:protocol@nuclear.ro\">protocol@nuclear.ro<\/a><\/p><p>Programarea vizitei \u0219i confirmarea aprob\u0103rii o ve\u021bi primi de la Biroul de Rela\u021bii Externe, Transfer Tehnologic, Protocol.<\/p><p>Cerin\u021be obligatorii pentru efectuarea vizitei<\/p><ul><li>Actul de identitate specificat \u00een scrisoarea de inten\u021bie;<\/li><li>Nu este permis telefon cu camer\u0103 foto, camer\u0103 video, aparat foto, laptop, CD, memory stick.<\/li><\/ul><p>Pentru mai multe detalii despre RATEN ICN v\u0103 rug\u0103m s\u0103 contacta\u021bi pagina web <a href=\"https:\/\/nuclear.ro\/en\/\">www.nuclear.ro<\/a><\/p><p><blockquote class=\"wp-embedded-content\" data-secret=\"ghpwZlSHoU\"><a href=\"https:\/\/nuclear.ro\/en\/aniversare-45-de-ani-de-la-prima-criticitate-a-reactorului-triga-stationar\/\">45th Anniversary of the First Criticality of the Steady State TRIGA Reactor<\/a><\/blockquote><iframe class=\"wp-embedded-content\" sandbox=\"allow-scripts\" security=\"restricted\" style=\"position: absolute; clip: rect(1px, 1px, 1px, 1px);\" title=\"&bdquo;&lt;strong&gt;&lt;em&gt;45th Anniversary of the First Criticality of the Steady State TRIGA Reactor&lt;\/em&gt;&lt;\/strong&gt;&rdquo; &mdash; ICN-Pitesti\" src=\"https:\/\/nuclear.ro\/aniversare-45-de-ani-de-la-prima-criticitate-a-reactorului-triga-stationar\/embed\/#?secret=iOcXIYPz5h#?secret=ghpwZlSHoU\" data-secret=\"ghpwZlSHoU\" width=\"600\" height=\"338\" frameborder=\"0\" marginwidth=\"0\" marginheight=\"0\" scrolling=\"no\"><\/iframe><\/p><p>\u00a0<\/p>\t\t\t\t\t\t<\/div>\n\t\t\t\t<\/div>\n\t\t\t\t\t<\/div>\n\t\t<\/div>\n\t\t\t\t\t\t\t<\/div>\n\t\t<\/section>\n\t\t\t\t\t\t<\/div>\n\t\t\t\t\t<\/div>","protected":false},"excerpt":{"rendered":"<p>Centru de informare a publicului asupra activit\u0103\u021bilor din domeniul nuclear \u0219i pentru promovarea tehnologiei SMR Obiectivul principal: informarea publicului cu privire la activit\u0103\u021bile din domeniul energeticii nucleare, a beneficiilor \u0219i a modalitatilor de gestionare a riscurilor asociate cu aceasta. Ac\u021biunile vizate: Prezent\u0103ri facute elevilor din \u0219coli \u0219i licee, membrilor diferitelor asocia\u021bii, comitete; Organizarea de \u00eent\u00e2lniri&hellip;<\/p>","protected":false},"author":1,"featured_media":0,"parent":0,"menu_order":0,"comment_status":"closed","ping_status":"closed","template":"","meta":[],"yoast_head":"<!-- This site is optimized with the Yoast SEO plugin v17.6 - https:\/\/yoast.com\/wordpress\/plugins\/seo\/ -->\n<title>Info - ICN-Pitesti<\/title>\n<meta name=\"robots\" content=\"index, follow, max-snippet:-1, max-image-preview:large, max-video-preview:-1\" \/>\n<link rel=\"canonical\" href=\"https:\/\/nuclear.ro\/en\/info\/\" \/>\n<meta property=\"og:locale\" content=\"en_US\" \/>\n<meta property=\"og:type\" content=\"article\" \/>\n<meta property=\"og:title\" content=\"Info - ICN-Pitesti\" \/>\n<meta property=\"og:description\" content=\"Centru de informare a publicului asupra activit\u0103\u021bilor din domeniul nuclear \u0219i pentru promovarea tehnologiei SMR Obiectivul principal: informarea publicului cu privire la activit\u0103\u021bile din domeniul energeticii nucleare, a beneficiilor \u0219i a modalitatilor de gestionare a riscurilor asociate cu aceasta. Ac\u021biunile vizate: Prezent\u0103ri facute elevilor din \u0219coli \u0219i licee, membrilor diferitelor asocia\u021bii, comitete; Organizarea de \u00eent\u00e2lniri&hellip;\" \/>\n<meta property=\"og:url\" content=\"https:\/\/nuclear.ro\/en\/info\/\" \/>\n<meta property=\"og:site_name\" content=\"ICN-Pitesti\" \/>\n<meta property=\"article:modified_time\" content=\"2025-01-29T09:58:14+00:00\" \/>\n<meta name=\"twitter:card\" content=\"summary_large_image\" \/>\n<meta name=\"twitter:label1\" content=\"Est. reading time\" \/>\n\t<meta name=\"twitter:data1\" content=\"2 minutes\" \/>\n<script type=\"application\/ld+json\" class=\"yoast-schema-graph\">{\"@context\":\"https:\/\/schema.org\",\"@graph\":[{\"@type\":\"WebSite\",\"@id\":\"https:\/\/nuclear.ro\/en\/#website\",\"url\":\"https:\/\/nuclear.ro\/en\/\",\"name\":\"ICN-Pitesti\",\"description\":\"\",\"potentialAction\":[{\"@type\":\"SearchAction\",\"target\":{\"@type\":\"EntryPoint\",\"urlTemplate\":\"https:\/\/nuclear.ro\/en\/?s={search_term_string}\"},\"query-input\":\"required name=search_term_string\"}],\"inLanguage\":\"en-US\"},{\"@type\":\"WebPage\",\"@id\":\"https:\/\/nuclear.ro\/info\/#webpage\",\"url\":\"https:\/\/nuclear.ro\/info\/\",\"name\":\"Info - ICN-Pitesti\",\"isPartOf\":{\"@id\":\"https:\/\/nuclear.ro\/en\/#website\"},\"datePublished\":\"2022-05-27T05:04:07+00:00\",\"dateModified\":\"2025-01-29T09:58:14+00:00\",\"breadcrumb\":{\"@id\":\"https:\/\/nuclear.ro\/info\/#breadcrumb\"},\"inLanguage\":\"en-US\",\"potentialAction\":[{\"@type\":\"ReadAction\",\"target\":[\"https:\/\/nuclear.ro\/info\/\"]}]},{\"@type\":\"BreadcrumbList\",\"@id\":\"https:\/\/nuclear.ro\/info\/#breadcrumb\",\"itemListElement\":[{\"@type\":\"ListItem\",\"position\":1,\"name\":\"Home\",\"item\":\"https:\/\/nuclear.ro\/\"},{\"@type\":\"ListItem\",\"position\":2,\"name\":\"Info\"}]}]}<\/script>\n<!-- \/ Yoast SEO plugin. -->","yoast_head_json":{"title":"Info - ICN-Pitesti","robots":{"index":"index","follow":"follow","max-snippet":"max-snippet:-1","max-image-preview":"max-image-preview:large","max-video-preview":"max-video-preview:-1"},"canonical":"https:\/\/nuclear.ro\/en\/info\/","og_locale":"en_US","og_type":"article","og_title":"Info - ICN-Pitesti","og_description":"Centru de informare a publicului asupra activit\u0103\u021bilor din domeniul nuclear \u0219i pentru promovarea tehnologiei SMR Obiectivul principal: informarea publicului cu privire la activit\u0103\u021bile din domeniul energeticii nucleare, a beneficiilor \u0219i a modalitatilor de gestionare a riscurilor asociate cu aceasta. Ac\u021biunile vizate: Prezent\u0103ri facute elevilor din \u0219coli \u0219i licee, membrilor diferitelor asocia\u021bii, comitete; Organizarea de \u00eent\u00e2lniri&hellip;","og_url":"https:\/\/nuclear.ro\/en\/info\/","og_site_name":"ICN-Pitesti","article_modified_time":"2025-01-29T09:58:14+00:00","twitter_card":"summary_large_image","twitter_misc":{"Est. reading time":"2 minutes"},"schema":{"@context":"https:\/\/schema.org","@graph":[{"@type":"WebSite","@id":"https:\/\/nuclear.ro\/en\/#website","url":"https:\/\/nuclear.ro\/en\/","name":"ICN-Pitesti","description":"","potentialAction":[{"@type":"SearchAction","target":{"@type":"EntryPoint","urlTemplate":"https:\/\/nuclear.ro\/en\/?s={search_term_string}"},"query-input":"required name=search_term_string"}],"inLanguage":"en-US"},{"@type":"WebPage","@id":"https:\/\/nuclear.ro\/info\/#webpage","url":"https:\/\/nuclear.ro\/info\/","name":"Info - ICN-Pitesti","isPartOf":{"@id":"https:\/\/nuclear.ro\/en\/#website"},"datePublished":"2022-05-27T05:04:07+00:00","dateModified":"2025-01-29T09:58:14+00:00","breadcrumb":{"@id":"https:\/\/nuclear.ro\/info\/#breadcrumb"},"inLanguage":"en-US","potentialAction":[{"@type":"ReadAction","target":["https:\/\/nuclear.ro\/info\/"]}]},{"@type":"BreadcrumbList","@id":"https:\/\/nuclear.ro\/info\/#breadcrumb","itemListElement":[{"@type":"ListItem","position":1,"name":"Home","item":"https:\/\/nuclear.ro\/"},{"@type":"ListItem","position":2,"name":"Info"}]}]}},"_links":{"self":[{"href":"https:\/\/nuclear.ro\/en\/wp-json\/wp\/v2\/pages\/1902"}],"collection":[{"href":"https:\/\/nuclear.ro\/en\/wp-json\/wp\/v2\/pages"}],"about":[{"href":"https:\/\/nuclear.ro\/en\/wp-json\/wp\/v2\/types\/page"}],"author":[{"embeddable":true,"href":"https:\/\/nuclear.ro\/en\/wp-json\/wp\/v2\/users\/1"}],"replies":[{"embeddable":true,"href":"https:\/\/nuclear.ro\/en\/wp-json\/wp\/v2\/comments?post=1902"}],"version-history":[{"count":40,"href":"https:\/\/nuclear.ro\/en\/wp-json\/wp\/v2\/pages\/1902\/revisions"}],"predecessor-version":[{"id":3282,"href":"https:\/\/nuclear.ro\/en\/wp-json\/wp\/v2\/pages\/1902\/revisions\/3282"}],"wp:attachment":[{"href":"https:\/\/nuclear.ro\/en\/wp-json\/wp\/v2\/media?parent=1902"}],"curies":[{"name":"wp","href":"https:\/\/api.w.org\/{rel}","templated":true}]}}