{"id":515,"date":"2021-05-24T05:28:57","date_gmt":"2021-05-24T05:28:57","guid":{"rendered":"https:\/\/nuclear.ro\/?page_id=515"},"modified":"2024-02-05T09:08:16","modified_gmt":"2024-02-05T09:08:16","slug":"despre-noi","status":"publish","type":"page","link":"http:\/\/nuclear.ro\/en\/despre-noi\/","title":{"rendered":"despre noi"},"content":{"rendered":"<div data-elementor-type=\"wp-page\" data-elementor-id=\"515\" class=\"elementor elementor-515\" data-elementor-settings=\"[]\">\n\t\t\t\t\t\t\t<div class=\"elementor-section-wrap\">\n\t\t\t\t\t\t\t<section class=\"elementor-section elementor-top-section elementor-element elementor-element-dba7b5c elementor-section-stretched elementor-section-boxed elementor-section-height-default elementor-section-height-default sc_fly_static\" data-id=\"dba7b5c\" data-element_type=\"section\" data-settings=\"{&quot;stretch_section&quot;:&quot;section-stretched&quot;,&quot;background_background&quot;:&quot;classic&quot;}\">\n\t\t\t\t\t\t<div class=\"elementor-container elementor-column-gap-extended\">\n\t\t\t\t\t<div class=\"elementor-column elementor-col-100 elementor-top-column elementor-element elementor-element-c299735 sc_inner_width_none sc_content_align_inherit sc_layouts_column_icons_position_left sc_fly_static\" data-id=\"c299735\" data-element_type=\"column\">\n\t\t\t<div class=\"elementor-widget-wrap elementor-element-populated\">\n\t\t\t\t\t\t\t\t<div class=\"elementor-element elementor-element-41376eb animation_type_block sc_fly_static elementor-widget elementor-widget-spacer\" data-id=\"41376eb\" data-element_type=\"widget\" data-widget_type=\"spacer.default\">\n\t\t\t\t<div class=\"elementor-widget-container\">\n\t\t\t\t\t<div class=\"elementor-spacer\">\n\t\t\t<div class=\"elementor-spacer-inner\"><\/div>\n\t\t<\/div>\n\t\t\t\t<\/div>\n\t\t\t\t<\/div>\n\t\t\t\t<div class=\"elementor-element elementor-element-01720fd animation_type_block sc_fly_static elementor-widget elementor-widget-rs-heading\" data-id=\"01720fd\" data-element_type=\"widget\" data-widget_type=\"rs-heading.default\">\n\t\t\t\t<div class=\"elementor-widget-container\">\n\t\t\t        <div class=\"rs-heading default center\">\n        \t<div class=\"title-inner\">\n        \t\t      \t\t\n\t            <h2 class=\"title\"><span class=\"watermark\"><\/span>Conducerea institutului<\/h2>\t        <\/div>\n\t                <\/div>\n\n        \t\t<\/div>\n\t\t\t\t<\/div>\n\t\t\t\t<div class=\"elementor-element elementor-element-012e29e animation_type_block sc_fly_static elementor-widget elementor-widget-spacer\" data-id=\"012e29e\" data-element_type=\"widget\" data-widget_type=\"spacer.default\">\n\t\t\t\t<div class=\"elementor-widget-container\">\n\t\t\t\t\t<div class=\"elementor-spacer\">\n\t\t\t<div class=\"elementor-spacer-inner\"><\/div>\n\t\t<\/div>\n\t\t\t\t<\/div>\n\t\t\t\t<\/div>\n\t\t\t\t<div class=\"elementor-element elementor-element-bcf0495 animation_type_block sc_fly_static elementor-widget elementor-widget-trx_sc_team\" data-id=\"bcf0495\" data-element_type=\"widget\" data-widget_type=\"trx_sc_team.default\">\n\t\t\t\t<div class=\"elementor-widget-container\">\n\t\t\t<div \t\tclass=\"sc_team sc_team_short\"><div class=\"sc_team_content sc_item_content sc_item_posts_container\"><div data-post-id=\"512\" class=\"sc_team_item sc_item_container post_container post-512 cpt_team type-cpt_team status-publish hentry cpt_team_group-conducere\">\n\t\t<div class=\"sc_team_item_info\">\n\t\t<div class=\"sc_team_item_header\">\n\t\t\t<h4 class=\"sc_team_item_title entry-title\"><a href=\"http:\/\/nuclear.ro\/en\/team\/daniela-diaconu\/\">Daniela DIACONU<\/a><\/h4>\n\t\t\t<div class=\"sc_team_item_subtitle\">Director RATEN ICN<\/div>\n\t\t<\/div>\n\t<\/div>\n<\/div>\n<\/div><\/div>\t\t<\/div>\n\t\t\t\t<\/div>\n\t\t\t\t<div class=\"elementor-element elementor-element-c5da005 animation_type_block sc_fly_static elementor-widget elementor-widget-trx_sc_team\" data-id=\"c5da005\" data-element_type=\"widget\" data-widget_type=\"trx_sc_team.default\">\n\t\t\t\t<div class=\"elementor-widget-container\">\n\t\t\t<div \t\tclass=\"sc_team sc_team_short\"><div class=\"sc_team_columns_wrap sc_item_columns sc_item_posts_container trx_addons_columns_wrap columns_padding_bottom columns_in_single_row\"><div class=\"trx_addons_column-1_4\"><div data-post-id=\"2804\" class=\"sc_team_item sc_item_container post_container post-2804 cpt_team type-cpt_team status-publish hentry cpt_team_group-conducere\">\n\t\t<div class=\"sc_team_item_info\">\n\t\t<div class=\"sc_team_item_header\">\n\t\t\t<h4 class=\"sc_team_item_title entry-title\"><a href=\"http:\/\/nuclear.ro\/en\/team\/cristian-nicolae-dulama\/\">Cristian &#8211; Nicolae DULAMA<\/a><\/h4>\n\t\t\t<div class=\"sc_team_item_subtitle\">Director Adjunct Securitate Nuclear\u0103<\/div>\n\t\t<\/div>\n\t<\/div>\n<\/div>\n<\/div><div class=\"trx_addons_column-1_4\"><div data-post-id=\"2740\" class=\"sc_team_item sc_item_container post_container post-2740 cpt_team type-cpt_team status-publish hentry cpt_team_group-conducere\">\n\t\t<div class=\"sc_team_item_info\">\n\t\t<div class=\"sc_team_item_header\">\n\t\t\t<h4 class=\"sc_team_item_title entry-title\"><a href=\"http:\/\/nuclear.ro\/en\/team\/alexandru-toma\/\">Maria Crina BUCUR<\/a><\/h4>\n\t\t\t<div class=\"sc_team_item_subtitle\">Director Adjunct \u0218tiin\u021bific<\/div>\n\t\t<\/div>\n\t<\/div>\n<\/div>\n<\/div><div class=\"trx_addons_column-1_4\"><div data-post-id=\"3100\" class=\"sc_team_item sc_item_container post_container post-3100 cpt_team type-cpt_team status-publish hentry cpt_team_group-conducere\">\n\t\t<div class=\"sc_team_item_info\">\n\t\t<div class=\"sc_team_item_header\">\n\t\t\t<h4 class=\"sc_team_item_title entry-title\"><a href=\"http:\/\/nuclear.ro\/en\/team\/3100\/\">&#8211;<\/a><\/h4>\n\t\t\t<div class=\"sc_team_item_subtitle\">Secretar Stiintific RATEN ICN<\/div>\n\t\t<\/div>\n\t<\/div>\n<\/div>\n<\/div><div class=\"trx_addons_column-1_4\"><div data-post-id=\"2739\" class=\"sc_team_item sc_item_container post_container post-2739 cpt_team type-cpt_team status-publish hentry cpt_team_group-conducere\">\n\t\t<div class=\"sc_team_item_info\">\n\t\t<div class=\"sc_team_item_header\">\n\t\t\t<h4 class=\"sc_team_item_title entry-title\"><a href=\"http:\/\/nuclear.ro\/en\/team\/simina-brostescu\/\">Simina BRO\u0218TESCU<\/a><\/h4>\n\t\t\t<div class=\"sc_team_item_subtitle\">Director Adjunct Economic<\/div>\n\t\t<\/div>\n\t<\/div>\n<\/div>\n<\/div><\/div><\/div>\t\t<\/div>\n\t\t\t\t<\/div>\n\t\t\t\t<div class=\"elementor-element elementor-element-b577774 animation_type_block sc_fly_static elementor-widget elementor-widget-trx_sc_team\" data-id=\"b577774\" data-element_type=\"widget\" data-widget_type=\"trx_sc_team.default\">\n\t\t\t\t<div class=\"elementor-widget-container\">\n\t\t\t<div \t\tclass=\"sc_team sc_team_short\"><div class=\"sc_team_columns_wrap sc_item_columns sc_item_posts_container trx_addons_columns_wrap columns_padding_bottom columns_in_single_row\"><div class=\"trx_addons_column-1_2\"><div data-post-id=\"2153\" class=\"sc_team_item sc_item_container post_container post-2153 cpt_team type-cpt_team status-publish hentry cpt_team_group-conducere\">\n\t\t<div class=\"sc_team_item_info\">\n\t\t<div class=\"sc_team_item_header\">\n\t\t\t<h4 class=\"sc_team_item_title entry-title\"><a href=\"http:\/\/nuclear.ro\/en\/team\/marin-constantin\/\">Radu VASILE<\/a><\/h4>\n\t\t\t<div class=\"sc_team_item_subtitle\">Pre\u0219edinte Consiliu \u0218tiin\u021bific<\/div>\n\t\t<\/div>\n\t<\/div>\n<\/div>\n<\/div><div class=\"trx_addons_column-1_2\"><div data-post-id=\"3099\" class=\"sc_team_item sc_item_container post_container post-3099 cpt_team type-cpt_team status-publish hentry cpt_team_group-conducere\">\n\t\t<div class=\"sc_team_item_info\">\n\t\t<div class=\"sc_team_item_header\">\n\t\t\t<h4 class=\"sc_team_item_title entry-title\"><a href=\"http:\/\/nuclear.ro\/en\/team\/mirela-nitoi\/\">Mirela NITOI<\/a><\/h4>\n\t\t\t<div class=\"sc_team_item_subtitle\">Manager Proiect ALFRED<\/div>\n\t\t<\/div>\n\t<\/div>\n<\/div>\n<\/div><\/div><\/div>\t\t<\/div>\n\t\t\t\t<\/div>\n\t\t\t\t\t<\/div>\n\t\t<\/div>\n\t\t\t\t\t\t\t<\/div>\n\t\t<\/section>\n\t\t\t\t<section class=\"elementor-section elementor-top-section elementor-element elementor-element-bc9e3b7 elementor-section-boxed elementor-section-height-default elementor-section-height-default sc_fly_static\" data-id=\"bc9e3b7\" data-element_type=\"section\">\n\t\t\t\t\t\t<div class=\"elementor-container elementor-column-gap-extended\">\n\t\t\t\t\t<div class=\"elementor-column elementor-col-100 elementor-top-column elementor-element elementor-element-2b00de7 sc_inner_width_none sc_content_align_inherit sc_layouts_column_icons_position_left sc_fly_static\" data-id=\"2b00de7\" data-element_type=\"column\">\n\t\t\t<div class=\"elementor-widget-wrap elementor-element-populated\">\n\t\t\t\t\t\t\t\t<div class=\"elementor-element elementor-element-f6830cc animation_type_block sc_fly_static elementor-widget elementor-widget-trx_sc_title\" data-id=\"f6830cc\" data-element_type=\"widget\" data-widget_type=\"trx_sc_title.default\">\n\t\t\t\t<div class=\"elementor-widget-container\">\n\t\t\t<div\t\tclass=\"sc_title sc_title_default\"><h2 class=\"sc_item_title sc_title_title sc_item_title_style_default\"\n\t\t\t><span class=\"sc_item_title_text\">Misiune<\/span><\/h2><div class=\"sc_item_descr sc_title_descr\"><p>ICN Pitesti a avut si are ca principala misiune mentinerea si dezvoltarea suportului stiintific si tehnologic pentru programul energetic nuclear national, componenta vitala in asigurarea energiei electrice durabile, curata si sigura, pentru cetatenii Romaniei. Programul energetic nuclear din Romania prevede operarea in conditii de siguranta si competitivitate a Unitatilor 1 si 2 de la Cernavoda, finalizarea Unitatilor 3 si 4, construirea unei noi centrale nucleare, promovarea pe termen mediu si lung a reactorilor avansati de generatia IV, depozitarea in conditii de siguranta a combustibilului ars si a deseurilor radioactive. Institutul asigura operarea, dezvoltarea si utilizarea infrastructurii necesare pentru desfasurarea programelor de cercetare - dezvoltare, educatia si pregatirea specialistilor, precum si o cooperare internationala sustinuta, ca elemente esentiale pentru un sector energetic nuclear durabil. De asemenea ICN promoveaza dezvoltarea si aplicarea tehnologiilor nucleare in medicina, industrie sau agricultura adaugand o contributie importanta la cresterea standardului de viata in beneficiul cetatenilor. <\/p>\n<\/div><\/div>\t\t<\/div>\n\t\t\t\t<\/div>\n\t\t\t\t\t<\/div>\n\t\t<\/div>\n\t\t\t\t\t\t\t<\/div>\n\t\t<\/section>\n\t\t\t\t<section class=\"elementor-section elementor-top-section elementor-element elementor-element-bb7fc99 elementor-section-boxed elementor-section-height-default elementor-section-height-default sc_fly_static\" data-id=\"bb7fc99\" data-element_type=\"section\">\n\t\t\t\t\t\t<div class=\"elementor-container elementor-column-gap-extended\">\n\t\t\t\t\t<div class=\"elementor-column elementor-col-100 elementor-top-column elementor-element elementor-element-bfcecd2 sc_inner_width_none sc_content_align_inherit sc_layouts_column_icons_position_left sc_fly_static\" data-id=\"bfcecd2\" data-element_type=\"column\">\n\t\t\t<div class=\"elementor-widget-wrap elementor-element-populated\">\n\t\t\t\t\t\t\t\t<div class=\"elementor-element elementor-element-0ae4821 animation_type_block sc_fly_static elementor-widget elementor-widget-trx_sc_title\" data-id=\"0ae4821\" data-element_type=\"widget\" data-widget_type=\"trx_sc_title.default\">\n\t\t\t\t<div class=\"elementor-widget-container\">\n\t\t\t<div\t\tclass=\"sc_title sc_title_default\"><h2 class=\"sc_item_title sc_title_title sc_item_title_style_default\"\n\t\t\t><span class=\"sc_item_title_text\">Viziune<\/span><\/h2><div class=\"sc_item_descr sc_title_descr\"><p>Abordarea cu prioritate a problematicii legate de mentinerea si extinderea bazei de cunostinte necesare pentru managementul securitatii instalatiilor nuclearo-energetice existente, a problemelor de radioprotectie si a deseurilor radioactive (prioritati pe plan mondial, care sunt in acelasi timp supuse reglementarilor internationale si acordurilor la care Romania este parte);<br \/>\nAbordarea problematicii de viitor legate de reactorii nucleari avansati sau de reactorii nucleari de Generatie IV (la care Romania trebuie sa participe in cadrul cooperarii internationale);<br \/>\nRealizarea de tehnologii nucleare pentrru aplicatii in medicina si industrie (exemplu: tehnologia de productie a molibdenului pentru medicina);<br \/>\nFormarea si dezvoltarea profesionala a specialistilor in domeniul energeticii nucleare si a personalului de cercetare din institut;<br \/>\nOperarea si dezvoltarea infrastructurii proprii pentru cercetare stiintifica, pentru dezvoltare tehnologica si pentru testare in conditii de securitate nucleara, asigurand conditionarea si tratarea deseurilor radioactive;<br \/>\nDezvoltarea cooperarii in cadrul EURATOM privind cercetarea in domeniul energeticii nucleare prin fisiune.<\/p>\n<\/div><\/div>\t\t<\/div>\n\t\t\t\t<\/div>\n\t\t\t\t\t<\/div>\n\t\t<\/div>\n\t\t\t\t\t\t\t<\/div>\n\t\t<\/section>\n\t\t\t\t\t\t<\/div>\n\t\t\t\t\t<\/div>","protected":false},"excerpt":{"rendered":"<p>Conducerea institutului Constantin P\u0102UNOIU Director RATEN ICN Dumitru B\u0102RBOS Director Adjunct Securitate Nuclear\u0103 Alexandru TOMA Director Adjunct \u0218tiin\u021bific Daniela DIACONU Secretar \u0218tiin\u021bific RATEN ICN Simina BRO\u0218TESCU Director Adjunct Economic Marin Constantin Pre\u0219edinte Consiliu \u0218tiin\u021bific Ilie TURCU Manager Proiect ALFRED Misiune ICN Pitesti a avut si are ca principala misiune mentinerea si dezvoltarea suportului stiintific si&hellip;<\/p>","protected":false},"author":1,"featured_media":0,"parent":0,"menu_order":0,"comment_status":"closed","ping_status":"closed","template":"","meta":[],"yoast_head":"<!-- This site is optimized with the Yoast SEO plugin v17.6 - https:\/\/yoast.com\/wordpress\/plugins\/seo\/ -->\n<title>despre noi - ICN-Pitesti<\/title>\n<meta name=\"robots\" content=\"index, follow, max-snippet:-1, max-image-preview:large, max-video-preview:-1\" \/>\n<link rel=\"canonical\" href=\"http:\/\/nuclear.ro\/en\/despre-noi\/\" \/>\n<meta property=\"og:locale\" content=\"en_US\" \/>\n<meta property=\"og:type\" content=\"article\" \/>\n<meta property=\"og:title\" content=\"despre noi - ICN-Pitesti\" \/>\n<meta property=\"og:description\" content=\"Conducerea institutului Constantin P\u0102UNOIU Director RATEN ICN Dumitru B\u0102RBOS Director Adjunct Securitate Nuclear\u0103 Alexandru TOMA Director Adjunct \u0218tiin\u021bific Daniela DIACONU Secretar \u0218tiin\u021bific RATEN ICN Simina BRO\u0218TESCU Director Adjunct Economic Marin Constantin Pre\u0219edinte Consiliu \u0218tiin\u021bific Ilie TURCU Manager Proiect ALFRED Misiune ICN Pitesti a avut si are ca principala misiune mentinerea si dezvoltarea suportului stiintific si&hellip;\" \/>\n<meta property=\"og:url\" content=\"http:\/\/nuclear.ro\/en\/despre-noi\/\" \/>\n<meta property=\"og:site_name\" content=\"ICN-Pitesti\" \/>\n<meta property=\"article:modified_time\" content=\"2024-02-05T09:08:16+00:00\" \/>\n<meta name=\"twitter:card\" content=\"summary_large_image\" \/>\n<meta name=\"twitter:label1\" content=\"Est. reading time\" \/>\n\t<meta name=\"twitter:data1\" content=\"2 minutes\" \/>\n<script type=\"application\/ld+json\" class=\"yoast-schema-graph\">{\"@context\":\"https:\/\/schema.org\",\"@graph\":[{\"@type\":\"WebSite\",\"@id\":\"https:\/\/nuclear.ro\/en\/#website\",\"url\":\"https:\/\/nuclear.ro\/en\/\",\"name\":\"ICN-Pitesti\",\"description\":\"\",\"potentialAction\":[{\"@type\":\"SearchAction\",\"target\":{\"@type\":\"EntryPoint\",\"urlTemplate\":\"https:\/\/nuclear.ro\/en\/?s={search_term_string}\"},\"query-input\":\"required name=search_term_string\"}],\"inLanguage\":\"en-US\"},{\"@type\":\"WebPage\",\"@id\":\"https:\/\/nuclear.ro\/despre-noi\/#webpage\",\"url\":\"https:\/\/nuclear.ro\/despre-noi\/\",\"name\":\"despre noi - ICN-Pitesti\",\"isPartOf\":{\"@id\":\"https:\/\/nuclear.ro\/en\/#website\"},\"datePublished\":\"2021-05-24T05:28:57+00:00\",\"dateModified\":\"2024-02-05T09:08:16+00:00\",\"breadcrumb\":{\"@id\":\"https:\/\/nuclear.ro\/despre-noi\/#breadcrumb\"},\"inLanguage\":\"en-US\",\"potentialAction\":[{\"@type\":\"ReadAction\",\"target\":[\"https:\/\/nuclear.ro\/despre-noi\/\"]}]},{\"@type\":\"BreadcrumbList\",\"@id\":\"https:\/\/nuclear.ro\/despre-noi\/#breadcrumb\",\"itemListElement\":[{\"@type\":\"ListItem\",\"position\":1,\"name\":\"Home\",\"item\":\"https:\/\/nuclear.ro\/\"},{\"@type\":\"ListItem\",\"position\":2,\"name\":\"despre noi\"}]}]}<\/script>\n<!-- \/ Yoast SEO plugin. -->","yoast_head_json":{"title":"despre noi - ICN-Pitesti","robots":{"index":"index","follow":"follow","max-snippet":"max-snippet:-1","max-image-preview":"max-image-preview:large","max-video-preview":"max-video-preview:-1"},"canonical":"http:\/\/nuclear.ro\/en\/despre-noi\/","og_locale":"en_US","og_type":"article","og_title":"despre noi - ICN-Pitesti","og_description":"Conducerea institutului Constantin P\u0102UNOIU Director RATEN ICN Dumitru B\u0102RBOS Director Adjunct Securitate Nuclear\u0103 Alexandru TOMA Director Adjunct \u0218tiin\u021bific Daniela DIACONU Secretar \u0218tiin\u021bific RATEN ICN Simina BRO\u0218TESCU Director Adjunct Economic Marin Constantin Pre\u0219edinte Consiliu \u0218tiin\u021bific Ilie TURCU Manager Proiect ALFRED Misiune ICN Pitesti a avut si are ca principala misiune mentinerea si dezvoltarea suportului stiintific si&hellip;","og_url":"http:\/\/nuclear.ro\/en\/despre-noi\/","og_site_name":"ICN-Pitesti","article_modified_time":"2024-02-05T09:08:16+00:00","twitter_card":"summary_large_image","twitter_misc":{"Est. reading time":"2 minutes"},"schema":{"@context":"https:\/\/schema.org","@graph":[{"@type":"WebSite","@id":"https:\/\/nuclear.ro\/en\/#website","url":"https:\/\/nuclear.ro\/en\/","name":"ICN-Pitesti","description":"","potentialAction":[{"@type":"SearchAction","target":{"@type":"EntryPoint","urlTemplate":"https:\/\/nuclear.ro\/en\/?s={search_term_string}"},"query-input":"required name=search_term_string"}],"inLanguage":"en-US"},{"@type":"WebPage","@id":"https:\/\/nuclear.ro\/despre-noi\/#webpage","url":"https:\/\/nuclear.ro\/despre-noi\/","name":"despre noi - ICN-Pitesti","isPartOf":{"@id":"https:\/\/nuclear.ro\/en\/#website"},"datePublished":"2021-05-24T05:28:57+00:00","dateModified":"2024-02-05T09:08:16+00:00","breadcrumb":{"@id":"https:\/\/nuclear.ro\/despre-noi\/#breadcrumb"},"inLanguage":"en-US","potentialAction":[{"@type":"ReadAction","target":["https:\/\/nuclear.ro\/despre-noi\/"]}]},{"@type":"BreadcrumbList","@id":"https:\/\/nuclear.ro\/despre-noi\/#breadcrumb","itemListElement":[{"@type":"ListItem","position":1,"name":"Home","item":"https:\/\/nuclear.ro\/"},{"@type":"ListItem","position":2,"name":"despre noi"}]}]}},"_links":{"self":[{"href":"http:\/\/nuclear.ro\/en\/wp-json\/wp\/v2\/pages\/515"}],"collection":[{"href":"http:\/\/nuclear.ro\/en\/wp-json\/wp\/v2\/pages"}],"about":[{"href":"http:\/\/nuclear.ro\/en\/wp-json\/wp\/v2\/types\/page"}],"author":[{"embeddable":true,"href":"http:\/\/nuclear.ro\/en\/wp-json\/wp\/v2\/users\/1"}],"replies":[{"embeddable":true,"href":"http:\/\/nuclear.ro\/en\/wp-json\/wp\/v2\/comments?post=515"}],"version-history":[{"count":19,"href":"http:\/\/nuclear.ro\/en\/wp-json\/wp\/v2\/pages\/515\/revisions"}],"predecessor-version":[{"id":2743,"href":"http:\/\/nuclear.ro\/en\/wp-json\/wp\/v2\/pages\/515\/revisions\/2743"}],"wp:attachment":[{"href":"http:\/\/nuclear.ro\/en\/wp-json\/wp\/v2\/media?parent=515"}],"curies":[{"name":"wp","href":"https:\/\/api.w.org\/{rel}","templated":true}]}}