{"id":390,"date":"2021-05-21T06:25:45","date_gmt":"2021-05-21T06:25:45","guid":{"rendered":"http:\/\/localhost\/nuc\/?page_id=390"},"modified":"2021-07-07T12:12:28","modified_gmt":"2021-07-07T12:12:28","slug":"infrastructura","status":"publish","type":"page","link":"http:\/\/nuclear.ro\/en\/infrastructura\/","title":{"rendered":"infrastructura"},"content":{"rendered":"<div data-elementor-type=\"wp-page\" data-elementor-id=\"390\" class=\"elementor elementor-390\" data-elementor-settings=\"[]\">\n\t\t\t\t\t\t\t<div class=\"elementor-section-wrap\">\n\t\t\t\t\t\t\t<section class=\"elementor-section elementor-top-section elementor-element elementor-element-1706b74 elementor-section-boxed elementor-section-height-default elementor-section-height-default sc_fly_static\" data-id=\"1706b74\" data-element_type=\"section\">\n\t\t\t\t\t\t<div class=\"elementor-container elementor-column-gap-extended\">\n\t\t\t\t\t<div class=\"elementor-column elementor-col-100 elementor-top-column elementor-element elementor-element-84a329e sc_inner_width_none sc_content_align_inherit sc_layouts_column_icons_position_left sc_fly_static\" data-id=\"84a329e\" data-element_type=\"column\">\n\t\t\t<div class=\"elementor-widget-wrap elementor-element-populated\">\n\t\t\t\t\t\t\t\t<div class=\"elementor-element elementor-element-caf4748 animation_type_block sc_fly_static elementor-widget elementor-widget-slider_revolution\" data-id=\"caf4748\" data-element_type=\"widget\" data-widget_type=\"slider_revolution.default\">\n\t\t\t\t<div class=\"elementor-widget-container\">\n\t\t\t\n\t\t<div class=\"wp-block-themepunch-revslider\">\n\t\t\t<!-- START Slider 2 REVOLUTION SLIDER 6.3.5 --><p class=\"rs-p-wp-fix\"><\/p>\n\t\t\t<rs-module-wrap id=\"rev_slider_16_1_wrapper\" data-source=\"gallery\" style=\"background:transparent;padding:0;margin:0px auto;margin-top:0;margin-bottom:0;\">\n\t\t\t\t<rs-module id=\"rev_slider_16_1\" style=\"\" data-version=\"6.3.5\">\n\t\t\t\t\t<rs-slides>\n\t\t\t\t\t\t<rs-slide data-key=\"rs-18\" data-title=\"Slide\" data-anim=\"ei:d;eo:d;s:1000;r:0;t:fade;sl:0;\">\n\t\t\t\t\t\t\t<img decoding=\"async\" loading=\"lazy\" src=\"\/\/nuclear.ro\/wp-content\/plugins\/revslider\/public\/assets\/assets\/dummy.png\" title=\"SITE-ICN_2021_straif_RD-infrastructura2\" width=\"1920\" height=\"576\" data-lazyload=\"\/\/nuclear.ro\/wp-content\/uploads\/2021\/05\/SITE-ICN_2021_straif_RD-infrastructura2-1.jpg\" class=\"rev-slidebg\" data-no-retina>\n<!--\n\t\t\t\t\t\t\t--><rs-layer\n\t\t\t\t\t\t\t\tid=\"slider-16-slide-18-layer-0\" \n\t\t\t\t\t\t\t\tdata-type=\"text\"\n\t\t\t\t\t\t\t\tdata-color=\"#ffffff\"\n\t\t\t\t\t\t\t\tdata-rsp_ch=\"on\"\n\t\t\t\t\t\t\t\tdata-xy=\"x:22px;y:166px;\"\n\t\t\t\t\t\t\t\tdata-text=\"w:normal;s:50;l:40;ls:4px;fw:500;\"\n\t\t\t\t\t\t\t\tdata-frame_0=\"sX:0.8;sY:0.8;\"\n\t\t\t\t\t\t\t\tdata-frame_1=\"e:power4.out;st:1240;sp:2000;sR:1240;\"\n\t\t\t\t\t\t\t\tdata-frame_999=\"o:0;st:w;sR:5760;\"\n\t\t\t\t\t\t\t\tstyle=\"z-index:5;font-family:Tahoma, Geneva, sans-serif;\"\n\t\t\t\t\t\t\t>INFRASTRUCTURA CERCETARE-DEZVOLTARE<br \/>\n \n\t\t\t\t\t\t\t<\/rs-layer><!--\n-->\t\t\t\t\t\t<\/rs-slide>\n\t\t\t\t\t<\/rs-slides>\n\t\t\t\t<\/rs-module>\n\t\t\t\t<script type=\"text\/javascript\">\n\t\t\t\t\tsetREVStartSize({c: 'rev_slider_16_1',rl:[1240,1024,778,480],el:[550],gw:[1240],gh:[550],type:'hero',justify:'',layout:'fullwidth',mh:\"0\"});\n\t\t\t\t\tvar\trevapi16,\n\t\t\t\t\t\ttpj;\n\t\t\t\t\tfunction revinit_revslider161() {\n\t\t\t\t\tjQuery(function() {\n\t\t\t\t\t\ttpj = jQuery;\n\t\t\t\t\t\trevapi16 = tpj(\"#rev_slider_16_1\");\n\t\t\t\t\t\tif(revapi16==undefined || revapi16.revolution == undefined){\n\t\t\t\t\t\t\trevslider_showDoubleJqueryError(\"rev_slider_16_1\");\n\t\t\t\t\t\t}else{\n\t\t\t\t\t\t\trevapi16.revolution({\n\t\t\t\t\t\t\t\tsliderType:\"hero\",\n\t\t\t\t\t\t\t\tsliderLayout:\"fullwidth\",\n\t\t\t\t\t\t\t\tvisibilityLevels:\"1240,1024,778,480\",\n\t\t\t\t\t\t\t\tgridwidth:1240,\n\t\t\t\t\t\t\t\tgridheight:550,\n\t\t\t\t\t\t\t\tlazyType:\"all\",\n\t\t\t\t\t\t\t\tperspective:600,\n\t\t\t\t\t\t\t\tperspectiveType:\"global\",\n\t\t\t\t\t\t\t\teditorheight:\"550,768,960,720\",\n\t\t\t\t\t\t\t\tresponsiveLevels:\"1240,1024,778,480\",\n\t\t\t\t\t\t\t\tprogressBar:{disableProgressBar:true},\n\t\t\t\t\t\t\t\tnavigation: {\n\t\t\t\t\t\t\t\t\tonHoverStop:false\n\t\t\t\t\t\t\t\t},\n\t\t\t\t\t\t\t\tfallbacks: {\n\t\t\t\t\t\t\t\t\tallowHTML5AutoPlayOnAndroid:true\n\t\t\t\t\t\t\t\t},\n\t\t\t\t\t\t\t});\n\t\t\t\t\t\t}\n\t\t\t\t\t\t\n\t\t\t\t\t});\n\t\t\t\t\t} \/\/ End of RevInitScript\n\t\t\t\tvar once_revslider161 = false;\n\t\t\t\tif (document.readyState === \"loading\") {document.addEventListener('readystatechange',function() { if((document.readyState === \"interactive\" || document.readyState === \"complete\") && !once_revslider161 ) { once_revslider161 = true; revinit_revslider161();}});} else {once_revslider161 = true; revinit_revslider161();}\n\t\t\t\t<\/script>\n\t\t\t<\/rs-module-wrap>\n\t\t\t<!-- END REVOLUTION SLIDER -->\n<\/div>\n\n\t\t\t\t<\/div>\n\t\t\t\t<\/div>\n\t\t\t\t\t<\/div>\n\t\t<\/div>\n\t\t\t\t\t\t\t<\/div>\n\t\t<\/section>\n\t\t\t\t<section class=\"elementor-section elementor-top-section elementor-element elementor-element-98f015f elementor-section-boxed elementor-section-height-default elementor-section-height-default sc_fly_static\" data-id=\"98f015f\" data-element_type=\"section\">\n\t\t\t\t\t\t<div class=\"elementor-container elementor-column-gap-extended\">\n\t\t\t\t\t<div class=\"elementor-column elementor-col-25 elementor-top-column elementor-element elementor-element-f8880ce sc_inner_width_none sc_content_align_inherit sc_layouts_column_icons_position_left sc_fly_static\" data-id=\"f8880ce\" data-element_type=\"column\">\n\t\t\t<div class=\"elementor-widget-wrap elementor-element-populated\">\n\t\t\t\t\t\t\t\t<div class=\"elementor-element elementor-element-64115f0 elementor-position-top elementor-vertical-align-top animation_type_block sc_fly_static elementor-widget elementor-widget-image-box\" data-id=\"64115f0\" data-element_type=\"widget\" data-settings=\"{&quot;_animation&quot;:&quot;none&quot;}\" data-widget_type=\"image-box.default\">\n\t\t\t\t<div class=\"elementor-widget-container\">\n\t\t\t<div class=\"elementor-image-box-wrapper\"><figure class=\"elementor-image-box-img\"><a href=\"http:\/\/nuclear.ro\/en\/reactor\/\"><img decoding=\"async\" width=\"1024\" height=\"893\" src=\"https:\/\/nuclear.ro\/wp-content\/uploads\/2021\/05\/IMG_4657-1024x893-1.jpg\" class=\"elementor-animation-pop attachment-large size-large\" alt=\"\" loading=\"lazy\" \/><\/a><\/figure><div class=\"elementor-image-box-content\"><p class=\"elementor-image-box-title\"><a href=\"http:\/\/nuclear.ro\/en\/reactor\/\">TRIGA Reactor and Post Irradiation Examination Laboratory (PIEL)<\/a><\/p><\/div><\/div>\t\t<\/div>\n\t\t\t\t<\/div>\n\t\t\t\t\t<\/div>\n\t\t<\/div>\n\t\t\t\t<div class=\"elementor-column elementor-col-25 elementor-top-column elementor-element elementor-element-1aa4a6c sc_inner_width_none sc_content_align_inherit sc_layouts_column_icons_position_left sc_fly_static\" data-id=\"1aa4a6c\" data-element_type=\"column\">\n\t\t\t<div class=\"elementor-widget-wrap elementor-element-populated\">\n\t\t\t\t\t\t\t\t<div class=\"elementor-element elementor-element-12d48c1 elementor-position-top elementor-vertical-align-top animation_type_block sc_fly_static elementor-widget elementor-widget-image-box\" data-id=\"12d48c1\" data-element_type=\"widget\" data-widget_type=\"image-box.default\">\n\t\t\t\t<div class=\"elementor-widget-container\">\n\t\t\t<div class=\"elementor-image-box-wrapper\"><figure class=\"elementor-image-box-img\"><a href=\"http:\/\/nuclear.ro\/en\/tar\/\"><img decoding=\"async\" width=\"1024\" height=\"878\" src=\"https:\/\/nuclear.ro\/wp-content\/uploads\/2021\/05\/IMG_4833-1024x878-1.jpg\" class=\"elementor-animation-pop attachment-large size-large\" alt=\"\" loading=\"lazy\" \/><\/a><\/figure><div class=\"elementor-image-box-content\"><p class=\"elementor-image-box-title\"><a href=\"http:\/\/nuclear.ro\/en\/tar\/\">Out of Pile Testing<\/a><\/p><\/div><\/div>\t\t<\/div>\n\t\t\t\t<\/div>\n\t\t\t\t\t<\/div>\n\t\t<\/div>\n\t\t\t\t<div class=\"elementor-column elementor-col-25 elementor-top-column elementor-element elementor-element-6d686c1 sc_inner_width_none sc_content_align_inherit sc_layouts_column_icons_position_left sc_fly_static\" data-id=\"6d686c1\" data-element_type=\"column\">\n\t\t\t<div class=\"elementor-widget-wrap elementor-element-populated\">\n\t\t\t\t\t\t\t\t<div class=\"elementor-element elementor-element-ab969d2 elementor-position-top elementor-vertical-align-top animation_type_block sc_fly_static elementor-widget elementor-widget-image-box\" data-id=\"ab969d2\" data-element_type=\"widget\" data-widget_type=\"image-box.default\">\n\t\t\t\t<div class=\"elementor-widget-container\">\n\t\t\t<div class=\"elementor-image-box-wrapper\"><figure class=\"elementor-image-box-img\"><a href=\"http:\/\/nuclear.ro\/en\/materiale-nucleare\/\"><img decoding=\"async\" width=\"1024\" height=\"893\" src=\"https:\/\/nuclear.ro\/wp-content\/uploads\/2021\/05\/materiale.jpg\" class=\"elementor-animation-pop attachment-full size-full\" alt=\"\" loading=\"lazy\" \/><\/a><\/figure><div class=\"elementor-image-box-content\"><p class=\"elementor-image-box-title\"><a href=\"http:\/\/nuclear.ro\/en\/materiale-nucleare\/\">Nuclear Materials and Corrosion<\/a><\/p><\/div><\/div>\t\t<\/div>\n\t\t\t\t<\/div>\n\t\t\t\t\t<\/div>\n\t\t<\/div>\n\t\t\t\t<div class=\"elementor-column elementor-col-25 elementor-top-column elementor-element elementor-element-d69f542 sc_inner_width_none sc_content_align_inherit sc_layouts_column_icons_position_left sc_fly_static\" data-id=\"d69f542\" data-element_type=\"column\">\n\t\t\t<div class=\"elementor-widget-wrap elementor-element-populated\">\n\t\t\t\t\t\t\t\t<div class=\"elementor-element elementor-element-d04753c elementor-position-top elementor-vertical-align-top animation_type_block sc_fly_static elementor-widget elementor-widget-image-box\" data-id=\"d04753c\" data-element_type=\"widget\" data-widget_type=\"image-box.default\">\n\t\t\t\t<div class=\"elementor-widget-container\">\n\t\t\t<div class=\"elementor-image-box-wrapper\"><figure class=\"elementor-image-box-img\"><a href=\"http:\/\/nuclear.ro\/en\/stdr\/\"><img decoding=\"async\" width=\"1024\" height=\"893\" src=\"https:\/\/nuclear.ro\/wp-content\/uploads\/2021\/05\/stdr.jpg\" class=\"elementor-animation-pop attachment-full size-full\" alt=\"\" loading=\"lazy\" \/><\/a><\/figure><div class=\"elementor-image-box-content\"><p class=\"elementor-image-box-title\"><a href=\"http:\/\/nuclear.ro\/en\/stdr\/\">Sta\u021bia de tratare a de\u0219eurilor radioactive (STDR)<\/a><\/p><\/div><\/div>\t\t<\/div>\n\t\t\t\t<\/div>\n\t\t\t\t\t<\/div>\n\t\t<\/div>\n\t\t\t\t\t\t\t<\/div>\n\t\t<\/section>\n\t\t\t\t<section class=\"elementor-section elementor-top-section elementor-element elementor-element-20d66d9 elementor-section-boxed elementor-section-height-default elementor-section-height-default sc_fly_static\" data-id=\"20d66d9\" data-element_type=\"section\">\n\t\t\t\t\t\t<div class=\"elementor-container elementor-column-gap-extended\">\n\t\t\t\t\t<div class=\"elementor-column elementor-col-25 elementor-top-column elementor-element elementor-element-7280611 sc_inner_width_none sc_content_align_inherit sc_layouts_column_icons_position_left sc_fly_static\" data-id=\"7280611\" data-element_type=\"column\">\n\t\t\t<div class=\"elementor-widget-wrap elementor-element-populated\">\n\t\t\t\t\t\t\t\t<div class=\"elementor-element elementor-element-da90a38 elementor-position-top elementor-vertical-align-top animation_type_block sc_fly_static elementor-widget elementor-widget-image-box\" data-id=\"da90a38\" data-element_type=\"widget\" data-widget_type=\"image-box.default\">\n\t\t\t\t<div class=\"elementor-widget-container\">\n\t\t\t<div class=\"elementor-image-box-wrapper\"><figure class=\"elementor-image-box-img\"><a href=\"http:\/\/nuclear.ro\/en\/lrrdr\/\"><img decoding=\"async\" width=\"1343\" height=\"893\" src=\"https:\/\/nuclear.ro\/wp-content\/uploads\/2021\/05\/analizor-2.jpg\" class=\"elementor-animation-pop attachment-full size-full\" alt=\"\" loading=\"lazy\" \/><\/a><\/figure><div class=\"elementor-image-box-content\"><p class=\"elementor-image-box-title\"><a href=\"http:\/\/nuclear.ro\/en\/lrrdr\/\">LABORATORUL DE RADIOCHIMIE \u015eI RADIOMETRIE A DE\u015eEURILOR RADIOACTIVE \u2013 LRRDR<\/a><\/p><\/div><\/div>\t\t<\/div>\n\t\t\t\t<\/div>\n\t\t\t\t\t<\/div>\n\t\t<\/div>\n\t\t\t\t<div class=\"elementor-column elementor-col-25 elementor-top-column elementor-element elementor-element-9fbe498 sc_inner_width_none sc_content_align_inherit sc_layouts_column_icons_position_left sc_fly_static\" data-id=\"9fbe498\" data-element_type=\"column\">\n\t\t\t<div class=\"elementor-widget-wrap elementor-element-populated\">\n\t\t\t\t\t\t\t\t<div class=\"elementor-element elementor-element-5cc3d1a elementor-position-top elementor-vertical-align-top animation_type_block sc_fly_static elementor-widget elementor-widget-image-box\" data-id=\"5cc3d1a\" data-element_type=\"widget\" data-widget_type=\"image-box.default\">\n\t\t\t\t<div class=\"elementor-widget-container\">\n\t\t\t<div class=\"elementor-image-box-wrapper\"><figure class=\"elementor-image-box-img\"><a href=\"http:\/\/nuclear.ro\/en\/laboratorul-de-analiza-suprafetei\/\"><img decoding=\"async\" width=\"1024\" height=\"893\" src=\"https:\/\/nuclear.ro\/wp-content\/uploads\/2021\/05\/escalab.jpg\" class=\"elementor-animation-pop attachment-full size-full\" alt=\"\" loading=\"lazy\" \/><\/a><\/figure><div class=\"elementor-image-box-content\"><p class=\"elementor-image-box-title\"><a href=\"http:\/\/nuclear.ro\/en\/laboratorul-de-analiza-suprafetei\/\">Laboratorul de analiza suprafe\u021bei (ESCALAB)<\/a><\/p><\/div><\/div>\t\t<\/div>\n\t\t\t\t<\/div>\n\t\t\t\t\t<\/div>\n\t\t<\/div>\n\t\t\t\t<div class=\"elementor-column elementor-col-25 elementor-top-column elementor-element elementor-element-a346ddd sc_inner_width_none sc_content_align_inherit sc_layouts_column_icons_position_left sc_fly_static\" data-id=\"a346ddd\" data-element_type=\"column\">\n\t\t\t<div class=\"elementor-widget-wrap elementor-element-populated\">\n\t\t\t\t\t\t\t\t<div class=\"elementor-element elementor-element-70ae97f elementor-position-top elementor-vertical-align-top animation_type_block sc_fly_static elementor-widget elementor-widget-image-box\" data-id=\"70ae97f\" data-element_type=\"widget\" data-widget_type=\"image-box.default\">\n\t\t\t\t<div class=\"elementor-widget-container\">\n\t\t\t<div class=\"elementor-image-box-wrapper\"><figure class=\"elementor-image-box-img\"><a href=\"http:\/\/nuclear.ro\/en\/laboratorul-radiprotectie\/\"><img decoding=\"async\" width=\"1024\" height=\"893\" src=\"https:\/\/nuclear.ro\/wp-content\/uploads\/2021\/05\/radiopretectie.jpg\" class=\"elementor-animation-pop attachment-full size-full\" alt=\"\" loading=\"lazy\" \/><\/a><\/figure><div class=\"elementor-image-box-content\"><p class=\"elementor-image-box-title\"><a href=\"http:\/\/nuclear.ro\/en\/laboratorul-radiprotectie\/\">Laboratorul de radioprotec\u021bie, protec\u021bia mediului \u0219i protec\u021bie civil\u0103<\/a><\/p><\/div><\/div>\t\t<\/div>\n\t\t\t\t<\/div>\n\t\t\t\t\t<\/div>\n\t\t<\/div>\n\t\t\t\t<div class=\"elementor-column elementor-col-25 elementor-top-column elementor-element elementor-element-f1908b3 sc_inner_width_none sc_content_align_inherit sc_layouts_column_icons_position_left sc_fly_static\" data-id=\"f1908b3\" data-element_type=\"column\">\n\t\t\t<div class=\"elementor-widget-wrap elementor-element-populated\">\n\t\t\t\t\t\t\t\t<div class=\"elementor-element elementor-element-3eee2a1 elementor-position-top elementor-vertical-align-top animation_type_block sc_fly_static elementor-widget elementor-widget-image-box\" data-id=\"3eee2a1\" data-element_type=\"widget\" data-widget_type=\"image-box.default\">\n\t\t\t\t<div class=\"elementor-widget-container\">\n\t\t\t<div class=\"elementor-image-box-wrapper\"><figure class=\"elementor-image-box-img\"><a href=\"http:\/\/nuclear.ro\/en\/laborator-fiabilitate\/\"><img decoding=\"async\" width=\"1024\" height=\"893\" src=\"https:\/\/nuclear.ro\/wp-content\/uploads\/2021\/05\/lif1-1.png\" class=\"elementor-animation-pop attachment-full size-full\" alt=\"\" loading=\"lazy\" \/><\/a><\/figure><div class=\"elementor-image-box-content\"><p class=\"elementor-image-box-title\"><a href=\"http:\/\/nuclear.ro\/en\/laborator-fiabilitate\/\">Laboratorul de \u00eencerc\u0103ri \u0219i fiabilitate<\/a><\/p><\/div><\/div>\t\t<\/div>\n\t\t\t\t<\/div>\n\t\t\t\t\t<\/div>\n\t\t<\/div>\n\t\t\t\t\t\t\t<\/div>\n\t\t<\/section>\n\t\t\t\t\t\t<\/div>\n\t\t\t\t\t<\/div>","protected":false},"excerpt":{"rendered":"<p>Reactor TRIGA \u0219i Laborator de examinare post iradiere (LEPI) Test\u0103ri \u00een afara reactorului (TAR Materiale nucleare \u0219i coroziune Sta\u021bia de tratare a de\u0219eurilor radioactive (STDR) LABORATORUL DE RADIOCHIMIE \u015eI RADIOMETRIE A DE\u015eEURILOR RADIOACTIVE \u2013 LRRDR Laboratorul de analiza suprafe\u021bei (ESCALAB) Laboratorul de radioprotec\u021bie, protec\u021bia mediului \u0219i protec\u021bie civil\u0103 Laboratorul de \u00eencerc\u0103ri \u0219i fiabilitate<\/p>","protected":false},"author":1,"featured_media":0,"parent":0,"menu_order":0,"comment_status":"closed","ping_status":"closed","template":"","meta":[],"yoast_head":"<!-- This site is optimized with the Yoast SEO plugin v17.6 - https:\/\/yoast.com\/wordpress\/plugins\/seo\/ -->\n<title>infrastructura - ICN-Pitesti<\/title>\n<meta name=\"robots\" content=\"index, follow, max-snippet:-1, max-image-preview:large, max-video-preview:-1\" \/>\n<link rel=\"canonical\" href=\"http:\/\/nuclear.ro\/en\/infrastructura\/\" \/>\n<meta property=\"og:locale\" content=\"en_US\" \/>\n<meta property=\"og:type\" content=\"article\" \/>\n<meta property=\"og:title\" content=\"infrastructura - ICN-Pitesti\" \/>\n<meta property=\"og:description\" content=\"Reactor TRIGA \u0219i Laborator de examinare post iradiere (LEPI) Test\u0103ri \u00een afara reactorului (TAR Materiale nucleare \u0219i coroziune Sta\u021bia de tratare a de\u0219eurilor radioactive (STDR) LABORATORUL DE RADIOCHIMIE \u015eI RADIOMETRIE A DE\u015eEURILOR RADIOACTIVE \u2013 LRRDR Laboratorul de analiza suprafe\u021bei (ESCALAB) Laboratorul de radioprotec\u021bie, protec\u021bia mediului \u0219i protec\u021bie civil\u0103 Laboratorul de \u00eencerc\u0103ri \u0219i fiabilitate\" \/>\n<meta property=\"og:url\" content=\"http:\/\/nuclear.ro\/en\/infrastructura\/\" \/>\n<meta property=\"og:site_name\" content=\"ICN-Pitesti\" \/>\n<meta property=\"article:modified_time\" content=\"2021-07-07T12:12:28+00:00\" \/>\n<meta property=\"og:image\" content=\"https:\/\/nuclear.ro\/wp-content\/uploads\/2021\/05\/IMG_4657-1024x893-1.jpg\" \/>\n<meta name=\"twitter:card\" content=\"summary_large_image\" \/>\n<meta name=\"twitter:label1\" content=\"Est. reading time\" \/>\n\t<meta name=\"twitter:data1\" content=\"3 minutes\" \/>\n<script type=\"application\/ld+json\" class=\"yoast-schema-graph\">{\"@context\":\"https:\/\/schema.org\",\"@graph\":[{\"@type\":\"WebSite\",\"@id\":\"https:\/\/nuclear.ro\/en\/#website\",\"url\":\"https:\/\/nuclear.ro\/en\/\",\"name\":\"ICN-Pitesti\",\"description\":\"\",\"potentialAction\":[{\"@type\":\"SearchAction\",\"target\":{\"@type\":\"EntryPoint\",\"urlTemplate\":\"https:\/\/nuclear.ro\/en\/?s={search_term_string}\"},\"query-input\":\"required name=search_term_string\"}],\"inLanguage\":\"en-US\"},{\"@type\":\"ImageObject\",\"@id\":\"https:\/\/nuclear.ro\/infrastructura\/#primaryimage\",\"inLanguage\":\"en-US\",\"url\":\"https:\/\/nuclear.ro\/wp-content\/uploads\/2021\/05\/IMG_4657-1024x893-1.jpg\",\"contentUrl\":\"https:\/\/nuclear.ro\/wp-content\/uploads\/2021\/05\/IMG_4657-1024x893-1.jpg\"},{\"@type\":\"WebPage\",\"@id\":\"https:\/\/nuclear.ro\/infrastructura\/#webpage\",\"url\":\"https:\/\/nuclear.ro\/infrastructura\/\",\"name\":\"infrastructura - ICN-Pitesti\",\"isPartOf\":{\"@id\":\"https:\/\/nuclear.ro\/en\/#website\"},\"primaryImageOfPage\":{\"@id\":\"https:\/\/nuclear.ro\/infrastructura\/#primaryimage\"},\"datePublished\":\"2021-05-21T06:25:45+00:00\",\"dateModified\":\"2021-07-07T12:12:28+00:00\",\"breadcrumb\":{\"@id\":\"https:\/\/nuclear.ro\/infrastructura\/#breadcrumb\"},\"inLanguage\":\"en-US\",\"potentialAction\":[{\"@type\":\"ReadAction\",\"target\":[\"https:\/\/nuclear.ro\/infrastructura\/\"]}]},{\"@type\":\"BreadcrumbList\",\"@id\":\"https:\/\/nuclear.ro\/infrastructura\/#breadcrumb\",\"itemListElement\":[{\"@type\":\"ListItem\",\"position\":1,\"name\":\"Home\",\"item\":\"https:\/\/nuclear.ro\/\"},{\"@type\":\"ListItem\",\"position\":2,\"name\":\"infrastructura\"}]}]}<\/script>\n<!-- \/ Yoast SEO plugin. -->","yoast_head_json":{"title":"infrastructura - ICN-Pitesti","robots":{"index":"index","follow":"follow","max-snippet":"max-snippet:-1","max-image-preview":"max-image-preview:large","max-video-preview":"max-video-preview:-1"},"canonical":"http:\/\/nuclear.ro\/en\/infrastructura\/","og_locale":"en_US","og_type":"article","og_title":"infrastructura - ICN-Pitesti","og_description":"Reactor TRIGA \u0219i Laborator de examinare post iradiere (LEPI) Test\u0103ri \u00een afara reactorului (TAR Materiale nucleare \u0219i coroziune Sta\u021bia de tratare a de\u0219eurilor radioactive (STDR) LABORATORUL DE RADIOCHIMIE \u015eI RADIOMETRIE A DE\u015eEURILOR RADIOACTIVE \u2013 LRRDR Laboratorul de analiza suprafe\u021bei (ESCALAB) Laboratorul de radioprotec\u021bie, protec\u021bia mediului \u0219i protec\u021bie civil\u0103 Laboratorul de \u00eencerc\u0103ri \u0219i fiabilitate","og_url":"http:\/\/nuclear.ro\/en\/infrastructura\/","og_site_name":"ICN-Pitesti","article_modified_time":"2021-07-07T12:12:28+00:00","og_image":[{"url":"https:\/\/nuclear.ro\/wp-content\/uploads\/2021\/05\/IMG_4657-1024x893-1.jpg"}],"twitter_card":"summary_large_image","twitter_misc":{"Est. reading time":"3 minutes"},"schema":{"@context":"https:\/\/schema.org","@graph":[{"@type":"WebSite","@id":"https:\/\/nuclear.ro\/en\/#website","url":"https:\/\/nuclear.ro\/en\/","name":"ICN-Pitesti","description":"","potentialAction":[{"@type":"SearchAction","target":{"@type":"EntryPoint","urlTemplate":"https:\/\/nuclear.ro\/en\/?s={search_term_string}"},"query-input":"required name=search_term_string"}],"inLanguage":"en-US"},{"@type":"ImageObject","@id":"https:\/\/nuclear.ro\/infrastructura\/#primaryimage","inLanguage":"en-US","url":"https:\/\/nuclear.ro\/wp-content\/uploads\/2021\/05\/IMG_4657-1024x893-1.jpg","contentUrl":"https:\/\/nuclear.ro\/wp-content\/uploads\/2021\/05\/IMG_4657-1024x893-1.jpg"},{"@type":"WebPage","@id":"https:\/\/nuclear.ro\/infrastructura\/#webpage","url":"https:\/\/nuclear.ro\/infrastructura\/","name":"infrastructura - ICN-Pitesti","isPartOf":{"@id":"https:\/\/nuclear.ro\/en\/#website"},"primaryImageOfPage":{"@id":"https:\/\/nuclear.ro\/infrastructura\/#primaryimage"},"datePublished":"2021-05-21T06:25:45+00:00","dateModified":"2021-07-07T12:12:28+00:00","breadcrumb":{"@id":"https:\/\/nuclear.ro\/infrastructura\/#breadcrumb"},"inLanguage":"en-US","potentialAction":[{"@type":"ReadAction","target":["https:\/\/nuclear.ro\/infrastructura\/"]}]},{"@type":"BreadcrumbList","@id":"https:\/\/nuclear.ro\/infrastructura\/#breadcrumb","itemListElement":[{"@type":"ListItem","position":1,"name":"Home","item":"https:\/\/nuclear.ro\/"},{"@type":"ListItem","position":2,"name":"infrastructura"}]}]}},"_links":{"self":[{"href":"http:\/\/nuclear.ro\/en\/wp-json\/wp\/v2\/pages\/390"}],"collection":[{"href":"http:\/\/nuclear.ro\/en\/wp-json\/wp\/v2\/pages"}],"about":[{"href":"http:\/\/nuclear.ro\/en\/wp-json\/wp\/v2\/types\/page"}],"author":[{"embeddable":true,"href":"http:\/\/nuclear.ro\/en\/wp-json\/wp\/v2\/users\/1"}],"replies":[{"embeddable":true,"href":"http:\/\/nuclear.ro\/en\/wp-json\/wp\/v2\/comments?post=390"}],"version-history":[{"count":31,"href":"http:\/\/nuclear.ro\/en\/wp-json\/wp\/v2\/pages\/390\/revisions"}],"predecessor-version":[{"id":1428,"href":"http:\/\/nuclear.ro\/en\/wp-json\/wp\/v2\/pages\/390\/revisions\/1428"}],"wp:attachment":[{"href":"http:\/\/nuclear.ro\/en\/wp-json\/wp\/v2\/media?parent=390"}],"curies":[{"name":"wp","href":"https:\/\/api.w.org\/{rel}","templated":true}]}}